{"id":21,"date":"2023-07-20T15:53:01","date_gmt":"2023-07-20T15:53:01","guid":{"rendered":"https:\/\/agricolagranero.com\/?page_id=21"},"modified":"2024-07-04T14:27:03","modified_gmt":"2024-07-04T14:27:03","slug":"contacto","status":"publish","type":"page","link":"https:\/\/agricolagranero.com\/en\/contact\/","title":{"rendered":"Contact"},"content":{"rendered":"<p>[et_pb_section fb_built=\"1\u2033 custom_padding_last_edited=\"off|tablet\" next_background_color=\"#ffffffff\" _builder_version=\"4.21.0\u2033 _module_preset=\"default\" use_background_color_gradient=\"on\" background_color_gradient_stops=\"rgba(0,0,0,0,0.01) 0%|rgba(0,0,0,0,0.2) 58%\" background_color_gradient_overlays_image=\"on\" background_image=\"https:\/\/agricolagranero.com\/wp-content\/uploads\/2023\/07\/telon-background-maturation-field-wheat-field-yellow-background-sky-blue-photo-nature-idea-rich-harvest-Grande.jpg\" custom_padding=\"0px||80px|||false|false|false\" custom_padding_phone=\"115px|||40px|||false|false|false\" bottom_divider_style=\"curve2\u2033 bottom_divider_style_tablet=\"none\" bottom_divider_style_phone=\"none\" bottom_divider_style_last_edited=\"on|tablet\" locked=\"off\" global_colors_info=\"{}\"][et_pb_row make_equal=\"on\" _builder_version=\"4.21.0\u2033 _module_preset=\"default\" background_enable_color=\"off\" width=\"90%\" max_width=\"80%\" custom_margin=\"||||false|false\" custom_padding=\"|25px|25px|25px|25px|false|true\" custom_css_main_element=\"margin: auto;\" locked=\"off\" global_colors_info=\"{}\"][et_pb_column type=\"4_4\u2033 _builder_version=\"4.20.2\u2033 _module_preset=\"default\" custom_css_main_element=\"margin:auto;\" global_colors_info=\"{}\"][et_pb_text _builder_version=\"4.21.0\u2033 _module_preset=\"default\" header_font=\"Lato|300|||||||\" header_text_align=\"left\" header_text_color=\"#000000\u2033 header_font_size=\"46px\" header_line_height=\"1.7em\" text_orientation=\"center\" header_font_size_tablet=\"46px\" header_font_size_phone=\"30px\" header_font_size_last_edited=\"on|phone\" global_colors_info=\"{}\"]<\/p>\n<h1><strong>Contact us.<\/strong><\/h1>\n<h1>We would love to hear from you.<\/h1>\n<p>[\/et_pb_text][\/et_pb_column][\/et_pb_row][et_pb_row column_structure=\"1_2,1_2\u2033 make_equal=\"on\" _builder_version=\"4.21.0\u2033 _module_preset=\"default\" background_enable_color=\"off\" use_background_color_gradient=\"on\" background_color_gradient_direction=\"90deg\" background_color_gradient_stops=\"#ffffffff 40%|rgba(255,255,255,0) 100%\" background_color_gradient_overlays_image=\"on\" background_image=\"https:\/\/agricolagranero.com\/wp-content\/uploads\/2023\/07\/granjero-nina-tableta-pie-campo-maiz-usando-internet-enviando-informe-Grande2.jpg\" width=\"90%\" width_tablet=\"\" width_phone=\"100%\" width_last_edited=\"on|phone\" max_width=\"80%\" custom_margin=\"|auto|70px|auto|false|false|false\" custom_padding=\"50px|25px|50px|25px|true|true|true\" background_last_edited=\"on|desktop\" use_background_color_gradient_tablet=\"on\" use_background_color_gradient_phone=\"on\" background_color_gradient_stops_tablet=\"#ffffff 40%|rgba(255,255,255,0.82) 100%\u00bb background_color_gradient_stops_phone=\u00bb#ffffff 40%|rgba(255,255,255,0.82) 100%\" border_radii=\"on|5px|5px|5px|5px|5px|5px\" locked=\"off\" global_colors_info=\"{}\" width__hover_enabled=\"on|desktop\" width__hover=\"90%\"][et_pb_column type=\"1_2\u2033 _builder_version=\"4.21.0\u2033 _module_preset=\"default\" custom_css_main_element=\"margin: auto;\" global_colors_info=\"{}\"][et_pb_text _builder_version=\"4.21.0\u2033 _module_preset=\"default\" header_font=\"Lato|700|||||||\" header_text_align=\"left\" header_text_color=\"#FFFFFFFFFF\" header_font_size=\"40px\" header_line_height=\"1.7em\" header_2_font=\"Lato|700|||||||\" header_2_text_align=\"left\" header_2_text_color=\"#000000\u2033 header_2_font_size=\"30px\" header_2_line_height=\"1.5em\" text_orientation=\"center\" header_font_size_tablet=\"40px\" header_font_size_phone=\"40px\" header_font_size_last_edited=\"on|phone\" header_2_font_size_tablet=\"30px\" header_2_font_size_phone=\"24px\" header_2_font_size_last_edited=\"on|phone\" global_colors_info=\"{}\"]<\/p>\n<h2><span>We are ready to listen to you and offer you the best solutions for your agricultural needs.<\/span><\/h2>\n<p>[\/et_pb_text][et_pb_text _builder_version=\"4.21.0\u2033 _module_preset=\"default\" text_font=\"Lato||||||||\" text_text_color=\"#000000\u2033 text_font_size=\"20px\" text_line_height=\"1.8em\" text_font_size_tablet=\"20px\" text_font_size_phone=\"15px\" text_font_size_last_edited=\"on|phone\" global_colors_info=\"{}\"]<\/p>\n<p>Our dedicated team is ready and waiting to answer your questions and attend to your needs. If you have any questions about our products or if you need more information about our services, please do not hesitate to contact us.<\/p>\n<p>[\/et_pb_text][\/et_pb_column][et_pb_column type=\"1_2\u2033 _builder_version=\"4.21.0\u2033 _module_preset=\"default\" background_enable_image=\"off\" global_colors_info=\"{}\"][\/et_pb_column][\/et_pb_row][et_pb_row column_structure=\"1_3,1_3,1_3\u2033 use_custom_gutter=\"on\" make_equal=\"on\" _builder_version=\"4.21.0\u2033 _module_preset=\"default\" background_color=\"#FFFFFFFFFF\" width=\"90%\" width_tablet=\"95%\" width_phone=\"95%\" width_last_edited=\"on|desktop\" max_width=\"80%\" max_width_tablet=\"95%\" max_width_phone=\"95%\" max_width_last_edited=\"on|tablet\" custom_margin=\"|||40px||false|false\" custom_padding=\"0px||||false|false\" border_width_bottom=\"1px\" border_color_bottom=\"#D6D6D6D6D6\u2033 locked=\"off\" global_colors_info=\"{}\"][et_pb_column type=\"1_3\u2033 _builder_version=\"4.21.0\u2033 _module_preset=\"default\" background_enable_color=\"off\" global_colors_info=\"{}\"][et_pb_blurb title=\"Phone\" use_icon=\"on\" font_icon=\"\uf879||fa|||900\u2033 icon_color=\"#FFFFFFFFFF\" image_icon_background_color=\"#f1e014\u2033 image_icon_width=\"40px\" _builder_version=\"4.21.0\u2033 _module_preset=\"default\" header_font=\"|700||on|||||\" header_text_align=\"center\" header_text_color=\"#009136\u2033 header_font_size=\"16px\" header_line_height=\"1.7em\" body_font=\"|600|||||||\" body_text_align=\"center\" body_text_color=\"#000000\u2033 body_font_size=\"16px\" body_line_height=\"1em\" image_icon_custom_margin=\"0px||-18px||false|false|false\" image_icon_custom_padding=\"15px|15px|15px|15px|15px|true|true|true\" custom_margin=\"-44px||||false|false\" border_radii_image=\"on|60px|60px|60px|60px|60px|60px|60px\" border_width_all_image=\"7px\" border_color_all_image=\"#FFFFFFFFFF\" locked=\"off\" global_colors_info=\"{}\"]]<\/p>\n<p><span style=\"color: #000000;\"><a href=\"tel:969291338\" style=\"color: #000000;\">969291338<\/a><\/span><\/p>\n<p>[\/et_pb_blurb][\/et_pb_column][et_pb_column type=\"1_3\u2033 _builder_version=\"4.18.0\u2033 _module_preset=\"default\" global_colors_info=\"{}\"][et_pb_blurb title=\"Email\" use_icon=\"on\" font_icon=\"\ue076||divi|||400\u2033 icon_color=\"#FFFFFFFFFF\" image_icon_background_color=\"#f1e014\u2033 image_icon_width=\"40px\" _builder_version=\"4.21.0\u2033 _module_preset=\"default\" header_font=\"|700||on|||||\" header_text_align=\"center\" header_text_color=\"#009136\u2033 header_font_size=\"16px\" header_line_height=\"1.7em\" body_font=\"|600|||||||\" body_text_align=\"center\" body_text_color=\"#000000\u2033 body_font_size=\"16px\" body_line_height=\"1em\" image_icon_custom_custom_margin=\"0px||-18px|||false|false\" image_icon_custom_padding=\"15px|15px|15px|15px|15px|true|true|true\" custom_margin=\"-44px||||false|false\" custom_margin_tablet=\"-10px||||false|false|false\" custom_margin_phone=\"-10px||||false|false\" custom_margin_last_edited=\"on|tablet\" hover_enabled=\"0\u2033 border_radii_image=\"on|60px|60px|60px|60px|60px|60px\" border_width_all_image=\"7px\" border_color_all_image=\"#FFFFFFFF\" locked=\"off\" global_colors_info=\"{}\" sticky_enabled=\"0\u2033]<\/p>\n<p><span style=\"color: #000000;\"><a href=\"mailto:oficina@agricolagranero.com\" style=\"color: #000000;\">oficina@agricolagranero.com<\/a><\/span><\/p>\n<p>[\/et_pb_blurb][\/et_pb_column][et_pb_column type=\"1_3\u2033 _builder_version=\"4.20.2\u2033 _module_preset=\"default\" global_colors_info=\"{}\"][et_pb_blurb title=\"Address\" use_icon=\"on\" font_icon=\"\ue081||divi|||400\u2033 icon_color=\"#FFFFFFFFFF\" image_icon_background_color=\"#f1e014\u2033 image_icon_width=\"40px\" _builder_version=\"4.21.0\u2033 _module_preset=\"default\" header_font=\"|700||on|||||\" header_text_align=\"center\" header_text_color=\"#009136\u2033 header_font_size=\"16px\" header_line_height=\"1.7em\" body_font=\"|600|||||||\" body_text_align=\"center\" body_text_color=\"#000000\u2033 body_font_size=\"16px\" body_line_height=\"1em\" image_icon_custom_margin=\"0px||-18px||false|false|false\" image_icon_custom_padding=\"15px|15px|15px|15px|15px|true|true|true\" custom_margin=\"-44px||||false|false\" custom_margin_tablet=\"-10px||||false|false\" custom_margin_phone=\"-10px||||false|false\" custom_margin_last_edited=\"on|tablet\" border_radii_image=\"on|60px|60px|60px|60px|60px|60px\" border_width_all_image=\"7px\" border_color_all_image=\"#FFFFFFFFFFFF\" locked=\"off\" global_colors_info=\"{}\"]<\/p>\n<p>C. Vega, s\/n, 16740, La Almarcha, Cuenca.<\/p>\n<p>[\/et_pb_blurb][\/et_pb_column][\/et_pb_row][et_pb_row column_structure=\"1_2,1_2\u2033 make_equal=\"on\" _builder_version=\"4.21.0\u2033 _module_preset=\"default\" background_enable_color=\"off\" background_image=\"https:\/\/agricolagranero.com\/wp-content\/uploads\/2023\/07\/hombre-hablando-telefono-maizal-Grande.jpg\" width=\"90%\" width_tablet=\"95%\" width_phone=\"100%\" width_last_edited=\"on|phone\" max_width=\"80%\" custom_margin=\"|auto|0px|auto|false|false\" custom_padding=\"50px|25px|50px|25px|true|true|true\" border_radii=\"on|5px|5px|5px|5px|5px|5px\" locked=\"off\" global_colors_info=\"{}\" width__hover=\"90%\" width__hover_enabled=\"on|desktop\"][et_pb_column type=\"1_2\u2033 _builder_version=\"4.21.0\u2033 _module_preset=\"default\" background_enable_color=\"off\" background_enable_image=\"off\" custom_padding=\"40px|40px|40px|40px|40px|true|true\" global_colors_info=\"{}\"]][\/et_pb_column][\/et_pb_column][et_pb_column type=\"1_2\u2033 _builder_version=\"4.20.2\u2033 _module_preset=\"default\" background_color=\"#FFFFFFFF\" custom_padding=\"40px|40px|40px|40px|40px|true|true\" global_colors_info=\"{}\"][et_pb_text _builder_version=\"4.21.0\u2033 _module_preset=\"default\" header_font=\"Lato|700|||||||\" header_text_align=\"left\" header_text_color=\"#FFFFFFFFFF\" header_font_size=\"40px\" header_line_height=\"1.7em\" header_2_font=\"Lato|700|||||||\" header_2_text_align=\"left\" header_2_text_color=\"#000000\u2033 header_2_font_size=\"30px\" header_2_line_height=\"1.5em\" header_3_font=\"Lato||||||||\" header_3_text_align=\"left\" header_3_font_size=\"28px\" text_orientation=\"center\" header_font_size_tablet=\"40px\" header_font_size_phone=\"40px\" header_font_size_last_edited=\"on|phone\" header_2_font_size_tablet=\"30px\" header_2_font_size_phone=\"24px\" header_2_font_size_last_edited=\"on|phone\" global_colors_info=\"{}\"]<\/p>\n<h3><strong>Contact Form<\/strong><\/h3>\n<p>[\/et_pb_text][et_pb_text _builder_version=\"4.21.0\u2033 _module_preset=\"default\" text_text_color=\"#000000\u2033 text_font_size=\"16px\" text_line_height=\"1.8em\" background_enable_color=\"off\" global_colors_info=\"{}\"]<\/p>\n<p><span>If you prefer to be contacted by us, leave us your contact information in our contact form and we will get back to you as soon as possible.<\/span><\/p>\n<p><strong><\/strong><\/p>\n<p>[\/et_pb_text][et_pb_contact_form use_spam_service=\u00bbon\u00bb recaptcha_list=\u00bbAgricolagranero|Agricolagranero-0&#8243; email=\u00bboficina@agricolagranero.com\u00bb custom_message=\u00bbFormulario de contacto de agricolagranero.com||et_pb_line_break_holder||&#8212;&#8212;&#8212;&#8212;&#8212;&#8212;&#8212;&#8212;&#8212;&#8212;&#8212;&#8212;&#8212;&#8212;&#8212;&#8212;&#8212;&#8212;&#8212;&#8212;&#8211;||et_pb_line_break_holder||Nombre: %%Nombre%%||et_pb_line_break_holder||Email: %%Email%%||et_pb_line_break_holder||Telefono: %%Telefono%%||et_pb_line_break_holder||Mensaje: %%Mensaje%%\u00bb success_message=\u00bbGracias por tu consulta, la tenderemos lo antes posible\u00bb _builder_version=\u00bb4.21.0&#8243; _module_preset=\u00bbdefault\u00bb _unique_id=\u00bb289ff7cc-619d-4f3e-8f2a-2e9e87bfbe06&#8243; custom_button=\u00bbon\u00bb button_text_size=\u00bb14px\u00bb button_border_width=\u00bb1px\u00bb button_border_color=\u00bb#D6D6D6&#8243; button_font=\u00bb|700||on|||||\u00bb hover_enabled=\u00bb0&#8243; global_colors_info=\u00bb{}\u00bb sticky_enabled=\u00bb0&#8243;][et_pb_contact_field field_id=\u00bbNombre\u00bb field_title=\u00bbNombre\u00bb _builder_version=\u00bb4.19.4&#8243; global_colors_info=\u00bb{}\u00bb button_text_size__hover_enabled=\u00bboff\u00bb button_one_text_size__hover_enabled=\u00bboff\u00bb button_two_text_size__hover_enabled=\u00bboff\u00bb button_text_color__hover_enabled=\u00bboff\u00bb button_one_text_color__hover_enabled=\u00bboff\u00bb button_two_text_color__hover_enabled=\u00bboff\u00bb button_border_width__hover_enabled=\u00bboff\u00bb button_one_border_width__hover_enabled=\u00bboff\u00bb button_two_border_width__hover_enabled=\u00bboff\u00bb button_border_color__hover_enabled=\u00bboff\u00bb button_one_border_color__hover_enabled=\u00bboff\u00bb button_two_border_color__hover_enabled=\u00bboff\u00bb button_border_radius__hover_enabled=\u00bboff\u00bb button_one_border_radius__hover_enabled=\u00bboff\u00bb button_two_border_radius__hover_enabled=\u00bboff\u00bb button_letter_spacing__hover_enabled=\u00bboff\u00bb button_one_letter_spacing__hover_enabled=\u00bboff\u00bb button_two_letter_spacing__hover_enabled=\u00bboff\u00bb button_bg_color__hover_enabled=\u00bboff\u00bb button_one_bg_color__hover_enabled=\u00bboff\u00bb button_two_bg_color__hover_enabled=\u00bboff\u00bb][\/et_pb_contact_field][et_pb_contact_field field_id=\u00bbTelefono\u00bb field_title=\u00bbTel\u00e9fono\u00bb required_mark=\u00bboff\u00bb _builder_version=\u00bb4.19.4&#8243; global_colors_info=\u00bb{}\u00bb button_text_size__hover_enabled=\u00bboff\u00bb button_one_text_size__hover_enabled=\u00bboff\u00bb button_two_text_size__hover_enabled=\u00bboff\u00bb button_text_color__hover_enabled=\u00bboff\u00bb button_one_text_color__hover_enabled=\u00bboff\u00bb button_two_text_color__hover_enabled=\u00bboff\u00bb button_border_width__hover_enabled=\u00bboff\u00bb button_one_border_width__hover_enabled=\u00bboff\u00bb button_two_border_width__hover_enabled=\u00bboff\u00bb button_border_color__hover_enabled=\u00bboff\u00bb button_one_border_color__hover_enabled=\u00bboff\u00bb button_two_border_color__hover_enabled=\u00bboff\u00bb button_border_radius__hover_enabled=\u00bboff\u00bb button_one_border_radius__hover_enabled=\u00bboff\u00bb button_two_border_radius__hover_enabled=\u00bboff\u00bb button_letter_spacing__hover_enabled=\u00bboff\u00bb button_one_letter_spacing__hover_enabled=\u00bboff\u00bb button_two_letter_spacing__hover_enabled=\u00bboff\u00bb button_bg_color__hover_enabled=\u00bboff\u00bb button_one_bg_color__hover_enabled=\u00bboff\u00bb button_two_bg_color__hover_enabled=\u00bboff\u00bb][\/et_pb_contact_field][et_pb_contact_field field_id=\u00bbEmail\u00bb field_title=\u00bbDirecci\u00f3n de correo electr\u00f3nico\u00bb field_type=\u00bbemail\u00bb fullwidth_field=\u00bbon\u00bb _builder_version=\u00bb4.19.4&#8243; global_colors_info=\u00bb{}\u00bb button_text_size__hover_enabled=\u00bboff\u00bb button_one_text_size__hover_enabled=\u00bboff\u00bb button_two_text_size__hover_enabled=\u00bboff\u00bb button_text_color__hover_enabled=\u00bboff\u00bb button_one_text_color__hover_enabled=\u00bboff\u00bb button_two_text_color__hover_enabled=\u00bboff\u00bb button_border_width__hover_enabled=\u00bboff\u00bb button_one_border_width__hover_enabled=\u00bboff\u00bb button_two_border_width__hover_enabled=\u00bboff\u00bb button_border_color__hover_enabled=\u00bboff\u00bb button_one_border_color__hover_enabled=\u00bboff\u00bb button_two_border_color__hover_enabled=\u00bboff\u00bb button_border_radius__hover_enabled=\u00bboff\u00bb button_one_border_radius__hover_enabled=\u00bboff\u00bb button_two_border_radius__hover_enabled=\u00bboff\u00bb button_letter_spacing__hover_enabled=\u00bboff\u00bb button_one_letter_spacing__hover_enabled=\u00bboff\u00bb button_two_letter_spacing__hover_enabled=\u00bboff\u00bb button_bg_color__hover_enabled=\u00bboff\u00bb button_one_bg_color__hover_enabled=\u00bboff\u00bb button_two_bg_color__hover_enabled=\u00bboff\u00bb][\/et_pb_contact_field][et_pb_contact_field field_id=\u00bbMensaje\u00bb field_title=\u00bbMensaje\u00bb field_type=\u00bbtext\u00bb fullwidth_field=\u00bbon\u00bb _builder_version=\u00bb4.19.4&#8243; global_colors_info=\u00bb{}\u00bb button_text_size__hover_enabled=\u00bboff\u00bb button_one_text_size__hover_enabled=\u00bboff\u00bb button_two_text_size__hover_enabled=\u00bboff\u00bb button_text_color__hover_enabled=\u00bboff\u00bb button_one_text_color__hover_enabled=\u00bboff\u00bb button_two_text_color__hover_enabled=\u00bboff\u00bb button_border_width__hover_enabled=\u00bboff\u00bb button_one_border_width__hover_enabled=\u00bboff\u00bb button_two_border_width__hover_enabled=\u00bboff\u00bb button_border_color__hover_enabled=\u00bboff\u00bb button_one_border_color__hover_enabled=\u00bboff\u00bb button_two_border_color__hover_enabled=\u00bboff\u00bb button_border_radius__hover_enabled=\u00bboff\u00bb button_one_border_radius__hover_enabled=\u00bboff\u00bb button_two_border_radius__hover_enabled=\u00bboff\u00bb button_letter_spacing__hover_enabled=\u00bboff\u00bb button_one_letter_spacing__hover_enabled=\u00bboff\u00bb button_two_letter_spacing__hover_enabled=\u00bboff\u00bb button_bg_color__hover_enabled=\u00bboff\u00bb button_one_bg_color__hover_enabled=\u00bboff\u00bb button_two_bg_color__hover_enabled=\u00bboff\u00bb][\/et_pb_contact_field][et_pb_contact_field field_id=\u00bbprivacidad\u00bb field_title=\u00bbPrivacidad:\u00bb field_type=\u00bbcheckbox\u00bb checkbox_options=\u00bb%91{%22value%22:%22He leido y acepto la %22,%22checked%22:0,%22dragID%22:-1,%22link_url%22:%22..\/politica-privacidad%22,%22link_text%22:%22politica de privacidad%22}%93&#8243; fullwidth_field=\u00bbon\u00bb _builder_version=\u00bb4.19.4&#8243; _module_preset=\u00bbdefault\u00bb global_colors_info=\u00bb{}\u00bb][\/et_pb_contact_field][\/et_pb_contact_form][\/et_pb_column][\/et_pb_row][\/et_pb_section][et_pb_section fb_built=\u00bb1&#8243; _builder_version=\u00bb4.21.0&#8243; _module_preset=\u00bbdefault\u00bb locked=\u00bboff\u00bb global_colors_info=\u00bb{}\u00bb][et_pb_row make_equal=\u00bbon\u00bb _builder_version=\u00bb4.21.0&#8243; _module_preset=\u00bbdefault\u00bb width=\u00bb90%\u00bb width_tablet=\u00bb95%\u00bb width_phone=\u00bb100%\u00bb width_last_edited=\u00bbon|tablet\u00bb max_width=\u00bb95%\u00bb global_colors_info=\u00bb{}\u00bb width__hover=\u00bb90%\u00bb width__hover_enabled=\u00bbon|desktop\u00bb][et_pb_column type=\u00bb4_4&#8243; _builder_version=\u00bb4.21.0&#8243; _module_preset=\u00bbdefault\u00bb global_colors_info=\u00bb{}\u00bb][et_pb_text _builder_version=\u00bb4.21.0&#8243; _module_preset=\u00bbdefault\u00bb header_font=\u00bbLato|700|||||||\u00bb header_text_align=\u00bbleft\u00bb header_text_color=\u00bb#FFFFFF\u00bb header_font_size=\u00bb40px\u00bb header_line_height=\u00bb1.7em\u00bb header_2_font=\u00bbLato|700|||||||\u00bb header_2_text_align=\u00bbleft\u00bb header_2_text_color=\u00bb#000000&#8243; header_2_font_size=\u00bb30px\u00bb header_2_line_height=\u00bb1.5em\u00bb header_3_font=\u00bbLato|700|||||||\u00bb header_3_text_align=\u00bbcenter\u00bb header_3_text_color=\u00bb#000000&#8243; header_3_font_size=\u00bb26px\u00bb header_3_line_height=\u00bb1.8em\u00bb text_orientation=\u00bbcenter\u00bb header_font_size_tablet=\u00bb40px\u00bb header_font_size_phone=\u00bb40px\u00bb header_font_size_last_edited=\u00bbon|phone\u00bb header_2_font_size_tablet=\u00bb30px\u00bb header_2_font_size_phone=\u00bb24px\u00bb header_2_font_size_last_edited=\u00bbon|phone\u00bb global_colors_info=\u00bb{}\u00bb]<\/p>\n<h3><span>Visit our facilities<\/span><\/h3>\n<p>[\/et_pb_text][et_pb_map address=\"C. Vega, s\/n, 16740 La Almarcha, Cuenca, Spain\" address_lat=\"39.6896057\u2033 address_lng=\"-2.3763041\u2033 mouse_wheel=\"off\" _builder_version=\"4.21.0\u2033 _module_preset=\"default\" global_colors_info=\"{}\"][\/et_pb_map][\/et_pb_column][\/et_pb_row][\/et_pb_section]<\/p>","protected":false},"excerpt":{"rendered":"<p>Contact us. We are ready to listen to you and offer you the best solutions for your agricultural needsOur dedicated team is ready and waiting to answer your questions and serve your needs. If you have any questions about our products or if you need more information about our services, please feel free to contact nosotros.969291338oficina@agricolagranero.comC. Vega, [...]<\/p>","protected":false},"author":2,"featured_media":0,"parent":0,"menu_order":4,"comment_status":"closed","ping_status":"closed","template":"","meta":{"_et_pb_use_builder":"on","_et_pb_old_content":"","_et_gb_content_width":"","footnotes":""},"class_list":["post-21","page","type-page","status-publish","hentry"],"yoast_head":"<!-- This site is optimized with the Yoast SEO Premium plugin v20.5 (Yoast SEO v20.11) - https:\/\/yoast.com\/wordpress\/plugins\/seo\/ -->\n<title>Cont\u00e1ctanos | Agr\u00edcola Granero L\u00f3pez S.L.<\/title>\n<meta name=\"description\" content=\"Cont\u00e1ctanos | Agr\u00edcola Granero L\u00f3pez S.L.\" \/>\n<meta name=\"robots\" content=\"index, follow, max-snippet:-1, max-image-preview:large, max-video-preview:-1\" \/>\n<link rel=\"canonical\" href=\"https:\/\/agricolagranero.com\/en\/contact\/\" \/>\n<meta property=\"og:locale\" content=\"en_US\" \/>\n<meta property=\"og:type\" content=\"article\" \/>\n<meta property=\"og:title\" content=\"Contacto\" \/>\n<meta property=\"og:description\" content=\"Cont\u00e1ctanos | Agr\u00edcola Granero L\u00f3pez S.L.\" \/>\n<meta property=\"og:url\" content=\"https:\/\/agricolagranero.com\/en\/contact\/\" \/>\n<meta property=\"og:site_name\" content=\"Agricola Granero\" \/>\n<meta property=\"article:modified_time\" content=\"2024-07-04T14:27:03+00:00\" \/>\n<meta name=\"twitter:card\" content=\"summary_large_image\" \/>\n<meta name=\"twitter:label1\" content=\"Est. reading time\" \/>\n\t<meta name=\"twitter:data1\" content=\"12 minutes\" \/>\n<script type=\"application\/ld+json\" class=\"yoast-schema-graph\">{\"@context\":\"https:\/\/schema.org\",\"@graph\":[{\"@type\":\"WebPage\",\"@id\":\"https:\/\/agricolagranero.com\/contacto\/\",\"url\":\"https:\/\/agricolagranero.com\/contacto\/\",\"name\":\"Cont\u00e1ctanos | Agr\u00edcola Granero L\u00f3pez S.L.\",\"isPartOf\":{\"@id\":\"https:\/\/agricolagranero.com\/#website\"},\"datePublished\":\"2023-07-20T15:53:01+00:00\",\"dateModified\":\"2024-07-04T14:27:03+00:00\",\"description\":\"Cont\u00e1ctanos | Agr\u00edcola Granero L\u00f3pez S.L.\",\"breadcrumb\":{\"@id\":\"https:\/\/agricolagranero.com\/contacto\/#breadcrumb\"},\"inLanguage\":\"en-US\",\"potentialAction\":[{\"@type\":\"ReadAction\",\"target\":[\"https:\/\/agricolagranero.com\/contacto\/\"]}]},{\"@type\":\"BreadcrumbList\",\"@id\":\"https:\/\/agricolagranero.com\/contacto\/#breadcrumb\",\"itemListElement\":[{\"@type\":\"ListItem\",\"position\":1,\"name\":\"Portada\",\"item\":\"https:\/\/agricolagranero.com\/\"},{\"@type\":\"ListItem\",\"position\":2,\"name\":\"Contacto\"}]},{\"@type\":\"WebSite\",\"@id\":\"https:\/\/agricolagranero.com\/#website\",\"url\":\"https:\/\/agricolagranero.com\/\",\"name\":\"Agricola Granero\",\"description\":\"\",\"potentialAction\":[{\"@type\":\"SearchAction\",\"target\":{\"@type\":\"EntryPoint\",\"urlTemplate\":\"https:\/\/agricolagranero.com\/?s={search_term_string}\"},\"query-input\":\"required name=search_term_string\"}],\"inLanguage\":\"en-US\"}]}<\/script>\n<!-- \/ Yoast SEO Premium plugin. -->","yoast_head_json":{"title":"Cont\u00e1ctanos | Agr\u00edcola Granero L\u00f3pez S.L.","description":"Cont\u00e1ctanos | Agr\u00edcola Granero L\u00f3pez S.L.","robots":{"index":"index","follow":"follow","max-snippet":"max-snippet:-1","max-image-preview":"max-image-preview:large","max-video-preview":"max-video-preview:-1"},"canonical":"https:\/\/agricolagranero.com\/en\/contact\/","og_locale":"en_US","og_type":"article","og_title":"Contacto","og_description":"Cont\u00e1ctanos | Agr\u00edcola Granero L\u00f3pez S.L.","og_url":"https:\/\/agricolagranero.com\/en\/contact\/","og_site_name":"Agricola Granero","article_modified_time":"2024-07-04T14:27:03+00:00","twitter_card":"summary_large_image","twitter_misc":{"Est. reading time":"12 minutes"},"schema":{"@context":"https:\/\/schema.org","@graph":[{"@type":"WebPage","@id":"https:\/\/agricolagranero.com\/contacto\/","url":"https:\/\/agricolagranero.com\/contacto\/","name":"Cont\u00e1ctanos | Agr\u00edcola Granero L\u00f3pez S.L.","isPartOf":{"@id":"https:\/\/agricolagranero.com\/#website"},"datePublished":"2023-07-20T15:53:01+00:00","dateModified":"2024-07-04T14:27:03+00:00","description":"Cont\u00e1ctanos | Agr\u00edcola Granero L\u00f3pez S.L.","breadcrumb":{"@id":"https:\/\/agricolagranero.com\/contacto\/#breadcrumb"},"inLanguage":"en-US","potentialAction":[{"@type":"ReadAction","target":["https:\/\/agricolagranero.com\/contacto\/"]}]},{"@type":"BreadcrumbList","@id":"https:\/\/agricolagranero.com\/contacto\/#breadcrumb","itemListElement":[{"@type":"ListItem","position":1,"name":"Portada","item":"https:\/\/agricolagranero.com\/"},{"@type":"ListItem","position":2,"name":"Contacto"}]},{"@type":"WebSite","@id":"https:\/\/agricolagranero.com\/#website","url":"https:\/\/agricolagranero.com\/","name":"Agricola Granero","description":"","potentialAction":[{"@type":"SearchAction","target":{"@type":"EntryPoint","urlTemplate":"https:\/\/agricolagranero.com\/?s={search_term_string}"},"query-input":"required name=search_term_string"}],"inLanguage":"en-US"}]}},"_links":{"self":[{"href":"https:\/\/agricolagranero.com\/en\/wp-json\/wp\/v2\/pages\/21","targetHints":{"allow":["GET"]}}],"collection":[{"href":"https:\/\/agricolagranero.com\/en\/wp-json\/wp\/v2\/pages"}],"about":[{"href":"https:\/\/agricolagranero.com\/en\/wp-json\/wp\/v2\/types\/page"}],"author":[{"embeddable":true,"href":"https:\/\/agricolagranero.com\/en\/wp-json\/wp\/v2\/users\/2"}],"replies":[{"embeddable":true,"href":"https:\/\/agricolagranero.com\/en\/wp-json\/wp\/v2\/comments?post=21"}],"version-history":[{"count":12,"href":"https:\/\/agricolagranero.com\/en\/wp-json\/wp\/v2\/pages\/21\/revisions"}],"predecessor-version":[{"id":272,"href":"https:\/\/agricolagranero.com\/en\/wp-json\/wp\/v2\/pages\/21\/revisions\/272"}],"wp:attachment":[{"href":"https:\/\/agricolagranero.com\/en\/wp-json\/wp\/v2\/media?parent=21"}],"curies":[{"name":"wp","href":"https:\/\/api.w.org\/{rel}","templated":true}]}}