{"id":20,"date":"2023-07-20T15:53:01","date_gmt":"2023-07-20T15:53:01","guid":{"rendered":"https:\/\/agricolagranero.com\/?page_id=20"},"modified":"2024-07-29T16:08:37","modified_gmt":"2024-07-29T16:08:37","slug":"servicios","status":"publish","type":"page","link":"https:\/\/agricolagranero.com\/en\/services\/","title":{"rendered":"Services"},"content":{"rendered":"<p>[et_pb_section fb_built=\"1\u2033 custom_padding_last_edited=\"off|desktop\" next_background_color=\"#ffffffff\" _builder_version=\"4.21.0\u2033 _module_preset=\"default\" use_background_color_gradient=\"on\" background_color_gradient_stops=\"rgba(0,0,0,0,0.01) 0%|rgba(0,0,0,0,0.2) 58%\" background_color_gradient_overlays_image=\"on\" background_image=\"https:\/\/agricolagranero.com\/wp-content\/uploads\/2023\/07\/telon-background-maturation-field-wheat-field-yellow-background-sky-blue-photo-nature-idea-rich-harvest-Grande.jpg\" custom_padding=\"0px||80px|||false|false\" bottom_divider_style=\"curve2\u2033 bottom_divider_style_tablet=\"none\" bottom_divider_style_phone=\"none\" bottom_divider_style_last_edited=\"on|tablet\" locked=\"off\" global_colors_info=\"{}\"][et_pb_row make_equal=\"on\" custom_padding_last_edited=\"on|phone\" _builder_version=\"4.21.0\u2033 _module_preset=\"default\" background_enable_color=\"off\" width=\"90%\" max_width=\"80%\" custom_margin=\"||||false|false\" custom_padding=\"|25px|25px|25px|25px|25px|false|true\" custom_padding_tablet=\"35px|||15px||false|false|false|false\" custom_padding_phone=\"43px|0px|15px|0px|false|true\" custom_css_main_element=\"margin: auto;\" global_colors_info=\"{}\"][et_pb_column type=\"4_4\u2033 _builder_version=\"4.20.2\u2033 _module_preset=\"default\" custom_css_main_element=\"margin:auto;\" global_colors_info=\"{}\"][et_pb_text _builder_version=\"4.21.0\u2033 _module_preset=\"default\" header_font=\"Lato|300|||||||\" header_text_align=\"left\" header_text_color=\"#000000\u2033 header_font_size=\"46px\" header_line_height=\"1.7em\" hover_enabled=\"0\u2033 header_font_size_tablet=\"46px\" header_font_size_phone=\"30px\" header_font_size_last_edited=\"on|phone\" global_colors_info=\"{}\" text_font_size=\"30px\" text_font=\"Lato||||||||\" text_text_color=\"#000000\u2033 sticky_enabled=\"0\u2033]<\/p>\n<h1><strong>Our Services.<\/strong><\/h1>\n<p><span>Personalized Services for Your Agricultural Success.<\/span><\/p>\n<p>[\/et_pb_text][\/et_pb_column][\/et_pb_row][et_pb_row column_structure=\"1_2,1_2\u2033 make_equal=\"on\" _builder_version=\"4.21.0\u2033 _module_preset=\"default\" background_enable_color=\"off\" use_background_color_gradient=\"on\" background_color_gradient_direction=\"90deg\" background_color_gradient_stops=\"#ffffffff 40%|rgba(255,255,255,0) 100%\" background_color_gradient_overlays_image=\"on\" background_image=\"https:\/\/agricolagranero.com\/wp-content\/uploads\/2023\/07\/sacos-legumbres-granos-sanos-Grande.jpg\" background_position=\"center_right\" width=\"90%\" width_tablet=\"90%\" width_phone=\"100%\" width_last_edited=\"on|desktop\" max_width=\"80%\" max_width_tablet=\"80%\" max_width_phone=\"95%\" max_width_last_edited=\"on|tablet\" custom_margin=\"|auto|35px|auto|false|false|false\" custom_padding=\"81px|25px|81px|25px|25px|true|true|true\" background_last_edited=\"on|tablet\" use_background_color_gradient_tablet=\"on\" background_color_gradient_stops_tablet=\"#ffffffff 40%|rgba(255,255,255,0.75) 100%\" background_image_tablet=\"https:\/\/agricolagranero.com\/wp-content\/uploads\/2023\/07\/cosechadora-campo-Grande.jpg\" background_enable_image_tablet=\"on\" border_radii=\"on|5px|5px|5px|5px|5px|5px|5px\" global_colors_info=\"{}\" width__hover_enabled=\"on|desktop\" width__hover=\"90%\"][et_pb_column type=\"1_2\u2033 _builder_version=\"4.20.2\u2033 _module_preset=\"default\" custom_css_main_element=\"margin: auto;\" global_colors_info=\"{}\"][et_pb_text _builder_version=\"4.21.0\u2033 _module_preset=\"default\" header_font=\"Lato|700|||||||\" header_text_align=\"left\" header_text_color=\"#FFFFFFFFFF\" header_font_size=\"40px\" header_line_height=\"1.7em\" header_2_font=\"Lato|700|||||||\" header_2_text_align=\"left\" header_2_text_color=\"#000000\u2033 header_2_font_size=\"30px\" header_2_line_height=\"1.5em\" text_orientation=\"center\" header_font_size_tablet=\"40px\" header_font_size_phone=\"40px\" header_font_size_last_edited=\"on|phone\" header_2_font_size_tablet=\"30px\" header_2_font_size_phone=\"24px\" header_2_font_size_last_edited=\"on|phone\" global_colors_info=\"{}\"]<\/p>\n<h2><strong>Your Success, Our Priority<\/strong><\/h2>\n<p>[\/et_pb_text][et_pb_text _builder_version=\"4.21.0\u2033 _module_preset=\"default\" text_font=\"Lato||||||||\" text_text_color=\"#000000\u2033 text_font_size=\"20px\" text_line_height=\"1.8em\" text_font_size_tablet=\"20px\" text_font_size_phone=\"15px\" text_font_size_last_edited=\"on|phone\" global_colors_info=\"{}\"]<\/p>\n<p><span>At <\/span><strong>Agr\u00edcola Granero L\u00f3pez S.L.<\/strong><span>Our goal is to offer you not only high quality products, but also a set of services that simplify and optimize your work in the field. We understand the difficulties and challenges that can arise in the agri-food sector and we want to be by your side every step of the way, as a true partner. <\/span>planting partner.<\/p>\n<p>[\/et_pb_text][\/et_pb_column][et_pb_column type=\"1_2\u2033 _builder_version=\"4.21.0\u2033 _module_preset=\"default\" background_enable_image=\"off\" global_colors_info=\"{}\"][\/et_pb_column][\/et_pb_row][et_pb_row column_structure=\"1_2,1_2\u2033 use_custom_gutter=\"on\" make_equal=\"on\" _builder_version=\"4.21.0\u2033 _module_preset=\"default\" background_enable_color=\"off\" width_tablet=\"95%\" width_phone=\"100%\" width_last_edited=\"on|phone\" max_width=\"95%\" global_colors_info=\"{}\" width__hover_enabled=\"on|desktop\" width__hover=\"90%\"][et_pb_column type=\"1_2\u2033 _builder_version=\"4.21.0\u2033 _module_preset=\"default\" background_color=\"#FFFFFFFF\" custom_padding=\"20px|20px|20px|20px|20px|true|true\" border_radii=\"on|5px|5px|5px|5px|5px|5px\" global_colors_info=\"{}\"][et_pb_image src=\"https:\/\/agricolagranero.com\/wp-content\/uploads\/2023\/07\/harvester-field-large.jpg\" alt=\"Harvesting machine\" title_text=\"Harvesting machine\" align=\"center\" _builder_version=\"4.21.0\u2033 _module_preset=\"default\" global_colors_info=\"{}\"][\/et_pb_image][\/et_pb_image][et_pb_text _builder_version=\"4.21.0\u2033 _module_preset=\"default\" header_font=\"Lato|700|||||||\" header_text_align=\"left\" header_text_color=\"#FFFFFFFFFF\" header_font_size=\"40px\" header_line_height=\"1.7em\" header_2_font=\"Lato|700|||||||\" header_2_text_align=\"left\" header_2_text_color=\"#000000\u2033 header_2_font_size=\"30px\" header_2_line_height=\"1.5em\" text_orientation=\"center\" header_font_size_tablet=\"40px\" header_font_size_phone=\"40px\" header_font_size_last_edited=\"on|phone\" header_2_font_size_tablet=\"30px\" header_2_font_size_phone=\"24px\" header_2_font_size_last_edited=\"on|phone\" global_colors_info=\"{}\"]<\/p>\n<h2><strong>Tailor-made agricultural machinery<\/strong><\/h2>\n<p>[\/et_pb_text][et_pb_text _builder_version=\"4.21.0\u2033 _module_preset=\"default\" text_font=\"Lato||||||||\" text_text_color=\"#000000\u2033 text_font_size=\"20px\" text_line_height=\"1.8em\" text_font_size_tablet=\"20px\" text_font_size_phone=\"15px\" text_font_size_last_edited=\"on|phone\" global_colors_info=\"{}\"]<\/p>\n<p><span>We put at your disposal the <\/span><strong>rental of machinery for agricultural use<\/strong><span>We offer you access to modern and efficient equipment that can make a difference in your daily work. No matter the size of your plantation or the nature of your operations, we have the machinery that fits your needs.<\/span><span><\/span><\/p>\n<p><span>Our wide selection of equipment will help you to optimize your agricultural work and obtain better results in your crops.<\/span><\/p>\n<p>[\/et_pb_text][\/et_pb_column][et_pb_column type=\"1_2\u2033 _builder_version=\"4.20.2\u2033 _module_preset=\"default\" background_color=\"#FFFFFFFF\" custom_padding=\"20px|20px|20px|20px|20px|true|true|true\" border_radii=\"on|5px|5px|5px|5px|5px|5px\" global_colors_info=\"{}\"][et_pb_image src=\"https:\/\/agricolagranero.com\/wp-content\/uploads\/2024\/07\/transporte-camion-agricola-granero-lopez.jpg\" alt=\"transporte camion agricola granero lopez\" title_text=\"transporte camion agricola granero lopez\" align=\"center\" _builder_version=\"4.21.0\u2033 _module_preset=\"default\" global_colors_info=\"{}\"][\/et_pb_image][\/et_pb_image][et_pb_text _builder_version=\"4.21.0\u2033 _module_preset=\"default\" header_font=\"Lato|700|||||||\" header_text_align=\"left\" header_text_color=\"#FFFFFFFFFF\" header_font_size=\"40px\" header_line_height=\"1.7em\" header_2_font=\"Lato|700|||||||\" header_2_text_align=\"left\" header_2_text_color=\"#000000\u2033 header_2_font_size=\"30px\" header_2_line_height=\"1.5em\" text_orientation=\"center\" header_font_size_tablet=\"40px\" header_font_size_phone=\"40px\" header_font_size_last_edited=\"on|phone\" header_2_font_size_tablet=\"30px\" header_2_font_size_phone=\"24px\" header_2_font_size_last_edited=\"on|phone\" global_colors_info=\"{}\"]<\/p>\n<h2><strong>Grain collection and transportation<\/strong><\/h2>\n<p>[\/et_pb_text][et_pb_text _builder_version=\"4.21.0\u2033 _module_preset=\"default\" text_font=\"Lato||||||||\" text_text_color=\"#000000\u2033 text_font_size=\"20px\" text_line_height=\"1.8em\" text_font_size_tablet=\"20px\" text_font_size_phone=\"15px\" text_font_size_last_edited=\"on|phone\" global_colors_info=\"{}\"]<\/p>\n<p><span>We understand that time is a valuable resource. Our service of <\/span><strong>grain collection and transportation<\/strong><span> helps you optimize your operations, ensuring that your products reach their destination in a safe and timely manner. We have a fleet of specialized vehicles and a team of professional drivers dedicated to guaranteeing the efficient delivery of your grain.<\/span><\/p>\n<p><span>Trust our fast and reliable grain transportation service. We will make sure that your products arrive at their destination in perfect conditions and in the agreed time.<\/span><\/p>\n<p>[\/et_pb_text][\/et_pb_column][\/et_pb_row][et_pb_row column_structure=\"1_2,1_2\u2033 use_custom_gutter=\"on\" make_equal=\"on\" _builder_version=\"4.21.0\u2033 _module_preset=\"default\" background_enable_color=\"off\" width_tablet=\"95%\" width_phone=\"100%\" width_last_edited=\"on|phone\" max_width=\"95%\" global_colors_info=\"{}\" width__hover_enabled=\"on|desktop\" width__hover=\"90%\"][et_pb_column type=\"1_2\u2033 _builder_version=\"4.21.0\u2033 _module_preset=\"default\" background_color=\"#FFFFFFFF\" custom_padding=\"20px|20px|20px|20px|20px|true|true\" border_radii=\"on|5px|5px|5px|5px|5px|5px\" global_colors_info=\"{}\"][et_pb_image src=\"https:\/\/agricolagranero.com\/wp-content\/uploads\/2023\/07\/joven-agricultor-cuidando-su-negocio-1-Grande.jpg\" alt=\"Farm Advice\" title_text=\"Farm Advice\" align=\"center\" _builder_version=\"4.21.0\u2033 _module_preset=\"default\" global_colors_info=\"{}\"][\/et_pb_image][\/et_pb_image][et_pb_text _builder_version=\"4.21.0\u2033 _module_preset=\"default\" header_font=\"Lato|700|||||||\" header_text_align=\"left\" header_text_color=\"#FFFFFFFFFF\" header_font_size=\"40px\" header_line_height=\"1.7em\" header_2_font=\"Lato|700|||||||\" header_2_text_align=\"left\" header_2_text_color=\"#000000\u2033 header_2_font_size=\"30px\" header_2_line_height=\"1.5em\" text_orientation=\"center\" header_font_size_tablet=\"40px\" header_font_size_phone=\"40px\" header_font_size_last_edited=\"on|phone\" header_2_font_size_tablet=\"30px\" header_2_font_size_phone=\"24px\" header_2_font_size_last_edited=\"on|phone\" global_colors_info=\"{}\"]<\/p>\n<h2><span>Expert agricultural advice<\/span><\/h2>\n<p>[\/et_pb_text][et_pb_text _builder_version=\"4.21.0\u2033 _module_preset=\"default\" text_font=\"Lato||||||||\" text_text_color=\"#000000\u2033 text_font_size=\"20px\" text_line_height=\"1.8em\" text_font_size_tablet=\"20px\" text_font_size_phone=\"15px\" text_font_size_last_edited=\"on|phone\" global_colors_info=\"{}\"]<\/p>\n<p>In addition to our products and logistics services, we provide <strong>agricultural advice<\/strong> by a <strong>team of experts<\/strong>.<\/p>\n<p>Our professionals have in-depth knowledge in a variety of agricultural areas and are ready to share their expertise with you. From soil management and yield optimization, to the implementation of sustainable farming practices, we are here to help you make informed and effective decisions for your plantation.<\/p>\n<p>[\/et_pb_text][\/et_pb_column][et_pb_column type=\"1_2\u2033 _builder_version=\"4.20.2\u2033 _module_preset=\"default\" background_color=\"#FFFFFFFF\" custom_padding=\"20px|20px|20px|20px|20px|true|true|true\" border_radii=\"on|5px|5px|5px|5px|5px|5px\" global_colors_info=\"{}\"][et_pb_image src=\"https:\/\/agricolagranero.com\/wp-content\/uploads\/2023\/07\/harvest-maize-combine-unload-seeds-maize-after-harvest-large.jpg\" alt=\"Harvesting and transporting cereal\" title_text=\"Harvesting and transporting cereal\" align=\"center\" _builder_version=\"4.21.0\u2033 _module_preset=\"default\" global_colors_info=\"{}\"][\/et_pb_image][\/et_pb_text _builder_version=\"4.21.0\u2033 _module_preset=\"default\" header_font=\"Lato|700|||||||\" header_text_align=\"left\" header_text_color=\"#FFFFFFFFFF\" header_font_size=\"40px\" header_line_height=\"1.7em\" header_2_font=\"Lato|700|||||||\" header_2_text_align=\"left\" header_2_text_color=\"#000000\u2033 header_2_font_size=\"30px\" header_2_line_height=\"1.5em\" text_orientation=\"center\" header_font_size_tablet=\"40px\" header_font_size_phone=\"40px\" header_font_size_last_edited=\"on|phone\" header_2_font_size_tablet=\"30px\" header_2_font_size_phone=\"24px\" header_2_font_size_last_edited=\"on|phone\" global_colors_info=\"{}\"]<\/p>\n<h2><strong>Grain warehouse<br \/><\/strong><\/h2>\n<p>[\/et_pb_text][et_pb_text _builder_version=\"4.21.0\u2033 _module_preset=\"default\" text_font=\"Lato||||||||\" text_text_color=\"#000000\u2033 text_font_size=\"20px\" text_line_height=\"1.8em\" text_font_size_tablet=\"20px\" text_font_size_phone=\"15px\" text_font_size_last_edited=\"on|phone\" global_colors_info=\"{}\"]<\/p>\n<p>Our <strong>grain and seed warehouse<\/strong> offers specialized services for the storage and conservation of grains and certified seed.<\/p>\n<p>Our warehouses are equipped with advanced temperature and humidity control systems, adequate ventilation and pest protection measures. This guarantees the integrity of stored grains, reducing post-harvest losses and ensuring efficient distribution.<\/p>\n<p>[\/et_pb_text][\/et_pb_column][\/et_pb_row][\/et_pb_section][et_pb_section fb_built=\"1\u2033 _builder_version=\"4.21.0\u2033 _module_preset=\"default\" locked=\"off\" global_colors_info=\"{}\"][et_pb_row _builder_version=\"4.21.0\u2033 _module_preset=\"default\" background_color=\"#FFFFFFFF\" custom_padding=\"0px||||false|false\" border_color_all=\"#000000\u2033 global_colors_info=\"{}\"][et_pb_column type=\"4_4\u2033 _builder_version=\"4.21.0\u2033 _module_preset=\"default\" global_colors_info=\"{}\"][et_pb_icon font_icon=\"{||divi||400\u2033 icon_color=\"#efd66a\" _builder_version=\"4.21.0\u2033 _module_preset=\"default\" global_colors_info=\"{}\"][\/et_pb_icon][et_pb_text _builder_version=\"4.21.0\u2033 _module_preset=\"default\" text_font=\"Lato|300|||||||\" text_font_size=\"34px\" text_line_height=\"1.8em\" text_orientation=\"center\" custom_margin=\"|||40px||||\" global_colors_info=\"{}\"]]<\/p>\n<p><em>A Customer-Centric Approach<\/em><\/p>\n<p>[\/et_pb_text][et_pb_text _builder_version=\"4.21.0\u2033 _module_preset=\"default\" text_font=\"Lato||||||||\" text_text_color=\"#000000\u2033 text_font_size=\"20px\" text_line_height=\"1.8em\" text_font_size_tablet=\"20px\" text_font_size_phone=\"15px\" text_font_size_last_edited=\"on|phone\" global_colors_info=\"{}\"]<\/p>\n<p><span>Finally, in <\/span><strong>Agr\u00edcola Granero L\u00f3pez S.L.<\/strong><span>each of <strong>our services are designed with a customer-centric approach<\/strong>. We strive to <strong>understand your needs<\/strong> individual and <strong>we adapt our services accordingly<\/strong>. Like you <\/span>partner in the field<span>we are committed to your success and work tirelessly to ensure that you are <strong>completely satisfied with our collaboration.<\/strong><\/span><\/p>\n<p>[\/et_pb_text][\/et_pb_column][\/et_pb_row][\/et_pb_section]<\/p>","protected":false},"excerpt":{"rendered":"<p>Our Services. Personalized Services for Your Agricultural Success.Your Success, Our PriorityAt Agr\u00edcola Granero L\u00f3pez S.L., our goal is to offer you not only high quality products, but also a set of services that simplify and optimize your work in the field. We understand the difficulties and challenges that can arise in the agri-food sector and we want to be [...]<\/p>","protected":false},"author":2,"featured_media":0,"parent":0,"menu_order":3,"comment_status":"closed","ping_status":"closed","template":"","meta":{"_et_pb_use_builder":"on","_et_pb_old_content":"","_et_gb_content_width":"","footnotes":""},"class_list":["post-20","page","type-page","status-publish","hentry"],"yoast_head":"<!-- This site is optimized with the Yoast SEO Premium plugin v20.5 (Yoast SEO v20.11) - https:\/\/yoast.com\/wordpress\/plugins\/seo\/ -->\n<title>Nuestros Servicios | Agr\u00edcola Granero L\u00f3pez S.L.<\/title>\n<meta name=\"description\" content=\"Descubre nuestros servicios de alquiler de maquinaria agr\u00edcola, transporte de cereal y asesoramiento agr\u00edcola. Conf\u00eda en nosotros para obtener soluciones integrales para tus necesidades agr\u00edcolas.\" \/>\n<meta name=\"robots\" content=\"index, follow, max-snippet:-1, max-image-preview:large, max-video-preview:-1\" \/>\n<link rel=\"canonical\" href=\"https:\/\/agricolagranero.com\/en\/services\/\" \/>\n<meta property=\"og:locale\" content=\"en_US\" \/>\n<meta property=\"og:type\" content=\"article\" \/>\n<meta property=\"og:title\" content=\"Servicios\" \/>\n<meta property=\"og:description\" content=\"Descubre nuestros servicios de alquiler de maquinaria agr\u00edcola, transporte de cereal y asesoramiento agr\u00edcola. Conf\u00eda en nosotros para obtener soluciones integrales para tus necesidades agr\u00edcolas.\" \/>\n<meta property=\"og:url\" content=\"https:\/\/agricolagranero.com\/en\/services\/\" \/>\n<meta property=\"og:site_name\" content=\"Agricola Granero\" \/>\n<meta property=\"article:modified_time\" content=\"2024-07-29T16:08:37+00:00\" \/>\n<meta name=\"twitter:card\" content=\"summary_large_image\" \/>\n<meta name=\"twitter:label1\" content=\"Est. reading time\" \/>\n\t<meta name=\"twitter:data1\" content=\"10 minutes\" \/>\n<script type=\"application\/ld+json\" class=\"yoast-schema-graph\">{\"@context\":\"https:\/\/schema.org\",\"@graph\":[{\"@type\":\"WebPage\",\"@id\":\"https:\/\/agricolagranero.com\/servicios\/\",\"url\":\"https:\/\/agricolagranero.com\/servicios\/\",\"name\":\"Nuestros Servicios | Agr\u00edcola Granero L\u00f3pez S.L.\",\"isPartOf\":{\"@id\":\"https:\/\/agricolagranero.com\/#website\"},\"datePublished\":\"2023-07-20T15:53:01+00:00\",\"dateModified\":\"2024-07-29T16:08:37+00:00\",\"description\":\"Descubre nuestros servicios de alquiler de maquinaria agr\u00edcola, transporte de cereal y asesoramiento agr\u00edcola. Conf\u00eda en nosotros para obtener soluciones integrales para tus necesidades agr\u00edcolas.\",\"breadcrumb\":{\"@id\":\"https:\/\/agricolagranero.com\/servicios\/#breadcrumb\"},\"inLanguage\":\"en-US\",\"potentialAction\":[{\"@type\":\"ReadAction\",\"target\":[\"https:\/\/agricolagranero.com\/servicios\/\"]}]},{\"@type\":\"BreadcrumbList\",\"@id\":\"https:\/\/agricolagranero.com\/servicios\/#breadcrumb\",\"itemListElement\":[{\"@type\":\"ListItem\",\"position\":1,\"name\":\"Portada\",\"item\":\"https:\/\/agricolagranero.com\/\"},{\"@type\":\"ListItem\",\"position\":2,\"name\":\"Servicios\"}]},{\"@type\":\"WebSite\",\"@id\":\"https:\/\/agricolagranero.com\/#website\",\"url\":\"https:\/\/agricolagranero.com\/\",\"name\":\"Agricola Granero\",\"description\":\"\",\"potentialAction\":[{\"@type\":\"SearchAction\",\"target\":{\"@type\":\"EntryPoint\",\"urlTemplate\":\"https:\/\/agricolagranero.com\/?s={search_term_string}\"},\"query-input\":\"required name=search_term_string\"}],\"inLanguage\":\"en-US\"}]}<\/script>\n<!-- \/ Yoast SEO Premium plugin. -->","yoast_head_json":{"title":"Nuestros Servicios | Agr\u00edcola Granero L\u00f3pez S.L.","description":"Descubre nuestros servicios de alquiler de maquinaria agr\u00edcola, transporte de cereal y asesoramiento agr\u00edcola. Conf\u00eda en nosotros para obtener soluciones integrales para tus necesidades agr\u00edcolas.","robots":{"index":"index","follow":"follow","max-snippet":"max-snippet:-1","max-image-preview":"max-image-preview:large","max-video-preview":"max-video-preview:-1"},"canonical":"https:\/\/agricolagranero.com\/en\/services\/","og_locale":"en_US","og_type":"article","og_title":"Servicios","og_description":"Descubre nuestros servicios de alquiler de maquinaria agr\u00edcola, transporte de cereal y asesoramiento agr\u00edcola. Conf\u00eda en nosotros para obtener soluciones integrales para tus necesidades agr\u00edcolas.","og_url":"https:\/\/agricolagranero.com\/en\/services\/","og_site_name":"Agricola Granero","article_modified_time":"2024-07-29T16:08:37+00:00","twitter_card":"summary_large_image","twitter_misc":{"Est. reading time":"10 minutes"},"schema":{"@context":"https:\/\/schema.org","@graph":[{"@type":"WebPage","@id":"https:\/\/agricolagranero.com\/servicios\/","url":"https:\/\/agricolagranero.com\/servicios\/","name":"Nuestros Servicios | Agr\u00edcola Granero L\u00f3pez S.L.","isPartOf":{"@id":"https:\/\/agricolagranero.com\/#website"},"datePublished":"2023-07-20T15:53:01+00:00","dateModified":"2024-07-29T16:08:37+00:00","description":"Descubre nuestros servicios de alquiler de maquinaria agr\u00edcola, transporte de cereal y asesoramiento agr\u00edcola. Conf\u00eda en nosotros para obtener soluciones integrales para tus necesidades agr\u00edcolas.","breadcrumb":{"@id":"https:\/\/agricolagranero.com\/servicios\/#breadcrumb"},"inLanguage":"en-US","potentialAction":[{"@type":"ReadAction","target":["https:\/\/agricolagranero.com\/servicios\/"]}]},{"@type":"BreadcrumbList","@id":"https:\/\/agricolagranero.com\/servicios\/#breadcrumb","itemListElement":[{"@type":"ListItem","position":1,"name":"Portada","item":"https:\/\/agricolagranero.com\/"},{"@type":"ListItem","position":2,"name":"Servicios"}]},{"@type":"WebSite","@id":"https:\/\/agricolagranero.com\/#website","url":"https:\/\/agricolagranero.com\/","name":"Agricola Granero","description":"","potentialAction":[{"@type":"SearchAction","target":{"@type":"EntryPoint","urlTemplate":"https:\/\/agricolagranero.com\/?s={search_term_string}"},"query-input":"required name=search_term_string"}],"inLanguage":"en-US"}]}},"_links":{"self":[{"href":"https:\/\/agricolagranero.com\/en\/wp-json\/wp\/v2\/pages\/20","targetHints":{"allow":["GET"]}}],"collection":[{"href":"https:\/\/agricolagranero.com\/en\/wp-json\/wp\/v2\/pages"}],"about":[{"href":"https:\/\/agricolagranero.com\/en\/wp-json\/wp\/v2\/types\/page"}],"author":[{"embeddable":true,"href":"https:\/\/agricolagranero.com\/en\/wp-json\/wp\/v2\/users\/2"}],"replies":[{"embeddable":true,"href":"https:\/\/agricolagranero.com\/en\/wp-json\/wp\/v2\/comments?post=20"}],"version-history":[{"count":14,"href":"https:\/\/agricolagranero.com\/en\/wp-json\/wp\/v2\/pages\/20\/revisions"}],"predecessor-version":[{"id":292,"href":"https:\/\/agricolagranero.com\/en\/wp-json\/wp\/v2\/pages\/20\/revisions\/292"}],"wp:attachment":[{"href":"https:\/\/agricolagranero.com\/en\/wp-json\/wp\/v2\/media?parent=20"}],"curies":[{"name":"wp","href":"https:\/\/api.w.org\/{rel}","templated":true}]}}