{"id":19,"date":"2023-07-20T15:53:01","date_gmt":"2023-07-20T15:53:01","guid":{"rendered":"https:\/\/agricolagranero.com\/?page_id=19"},"modified":"2023-08-15T06:58:57","modified_gmt":"2023-08-15T06:58:57","slug":"productos","status":"publish","type":"page","link":"https:\/\/agricolagranero.com\/en\/products\/","title":{"rendered":"Products"},"content":{"rendered":"<p>[et_pb_section fb_built=\"1\u2033 next_background_color=\"#ffffffff\" _builder_version=\"4.21.0\u2033 _module_preset=\"default\" bottom_divider_style=\"curve2\u2033 bottom_divider_style_tablet=\"none\" bottom_divider_style_phone=\"none\" bottom_divider_style_last_edited=\"on|tablet\" locked=\"off\" global_colors_info=\"{}\" sticky_enabled=\"0\u2033 use_background_color_gradient=\"on\" background_color_gradient_stops=\"rgba(0,0,0,0.01) 0%|rgba(0,0,0,0,0.2) 58%\" background_color_gradient_overlays_image=\"on\" background_image=\"https:\/\/agricolagranero.com\/wp-content\/uploads\/2023\/07\/telon-fondo-maduracion-campo-trigo-amarillo-fondo-cielo-azul-foto-naturaleza-idea-rica-cosecha-Grande.jpg\" hover_enabled=\"0\u2033 custom_padding=\"0px||80px||false|false\"][et_pb_row make_equal=\"on\" custom_padding_last_edited=\"on|phone\" _builder_version=\"4.21.0\u2033 _module_preset=\"default\" background_enable_color=\"off\" width=\"90%\" max_width=\"80%\" custom_margin=\"||||false|false\" custom_padding=\"|25px|25px|25px|25px|25px|false|true\" custom_padding_tablet=\"35px|||15px||false|false|false|false\" custom_padding_phone=\"43px|0px|15px|0px|false|true\" custom_css_main_element=\"margin: auto;\" global_colors_info=\"{}\"][et_pb_column type=\"4_4\u2033 _builder_version=\"4.20.2\u2033 _module_preset=\"default\" custom_css_main_element=\"margin:auto;\" global_colors_info=\"{}\"][et_pb_text _builder_version=\"4.21.0\u2033 _module_preset=\"default\" header_font=\"Lato|300|||||||\" header_text_align=\"left\" header_text_color=\"#000000\u2033 header_font_size=\"46px\" header_line_height=\"1.7em\" text_orientation=\"center\" header_font_size_tablet=\"46px\" header_font_size_phone=\"30px\" header_font_size_last_edited=\"on|phone\" global_colors_info=\"{}\"]<\/p>\n<h1><strong>Our Products.<\/strong><\/h1>\n<h1><span>Boost Your Harvest with Our Premium Products.<\/span><\/h1>\n<p>[\/et_pb_text][\/et_pb_column][\/et_pb_row][et_pb_row column_structure=\"1_2,1_2\u2033 make_equal=\"on\" _builder_version=\"4.21.0\u2033 _module_preset=\"default\" background_enable_color=\"off\" use_background_color_gradient=\"on\" background_color_gradient_direction=\"90deg\" background_color_gradient_stops=\"#ffffffff 40%|rgba(255,255,255,0) 100%\" background_color_gradient_overlays_image=\"on\" background_image=\"https:\/\/agricolagranero.com\/wp-content\/uploads\/2023\/07\/granjero-pie-campo-arroz-tableta-Grande.jpg\" width=\"90%\" width_tablet=\"\" width_phone=\"100%\" width_last_edited=\"on|phone\" max_width=\"80%\" custom_margin=\"|auto|38px|auto|||\" custom_padding=\"50px|25px|50px|25px|25px|true|true|true\" background_last_edited=\"on|phone\" use_background_color_gradient_tablet=\"on\" use_background_color_gradient_phone=\"on\" background_color_gradient_stops_tablet=\"#ffffffff 40%|rgba(255,255,255,0.82) 100%\u00bb background_color_gradient_stops_phone=\u00bb#ffffff 40%|rgba(255,255,255,0.82) 100%\" border_radii=\"on|5px|5px|5px|5px|5px|5px\" global_colors_info=\"{}\" width__hover_enabled=\"on|desktop\" width__hover=\"90%\"][et_pb_column type=\"1_2\u2033 _builder_version=\"4.20.2\u2033 _module_preset=\"default\" custom_css_main_element=\"margin: auto;\" global_colors_info=\"{}\"][et_pb_text _builder_version=\"4.21.0\u2033 _module_preset=\"default\" header_font=\"Lato|700|||||||\" header_text_align=\"left\" header_text_color=\"#FFFFFFFFFF\" header_font_size=\"40px\" header_line_height=\"1.7em\" header_2_font=\"Lato|700|||||||\" header_2_text_align=\"left\" header_2_text_color=\"#000000\u2033 header_2_font_size=\"30px\" header_2_line_height=\"1.5em\" text_orientation=\"center\" header_font_size_tablet=\"40px\" header_font_size_phone=\"40px\" header_font_size_last_edited=\"on|phone\" header_2_font_size_tablet=\"30px\" header_2_font_size_phone=\"24px\" header_2_font_size_last_edited=\"on|phone\" global_colors_info=\"{}\"]<\/p>\n<h2>Products for all your plantation needs.<\/h2>\n<p>[\/et_pb_text][et_pb_text _builder_version=\"4.21.0\u2033 _module_preset=\"default\" text_font=\"Lato||||||||\" text_text_color=\"#000000\u2033 text_font_size=\"20px\" text_line_height=\"1.8em\" text_font_size_tablet=\"20px\" text_font_size_phone=\"15px\" text_font_size_last_edited=\"on|phone\" global_colors_info=\"{}\"]<\/p>\n<p><span>At <\/span><strong>Agr\u00edcola Granero L\u00f3pez S.L.<\/strong><span>We understand that every farm, every field and every crop has unique needs. That's why we've built a complete and diversified product offering to make sure you can find everything you need in one place.<\/span><\/p>\n<p>[\/et_pb_text][\/et_pb_column][et_pb_column type=\"1_2\u2033 _builder_version=\"4.21.0\u2033 _module_preset=\"default\" background_enable_image=\"off\" global_colors_info=\"{}\"][\/et_pb_column][\/et_pb_row][et_pb_row column_structure=\"1_3,1_3,1_3\u2033 use_custom_gutter=\"on\" make_equal=\"on\" _builder_version=\"4.21.0\u2033 _module_preset=\"default\" background_enable_color=\"off\" width_tablet=\"95%\" width_phone=\"100%\" width_last_edited=\"on|phone\" max_width=\"95%\" global_colors_info=\"{}\" width__hover_enabled=\"on|desktop\" width__hover=\"90%\"][et_pb_column type=\"1_3\u2033 _builder_version=\"4.21.0\u2033 _module_preset=\"default\" background_color=\"#FFFFFFFF\" custom_padding=\"20px|20px|20px|20px|20px|true|true\" border_radii=\"on|5px|5px|5px|5px|5px|5px\" global_colors_info=\"{}\"][et_pb_image src=\"https:\/\/agricolagranero.com\/wp-content\/uploads\/2023\/07\/sacos-legumbres-granos-sanos-Grande.jpg\" alt=\"Sacks of healthy legumes and grains.\" title_text=\"Sacks of healthy legumes and grains.\" align=\"center\" _builder_version=\"4.21.0\u2033 _module_preset=\"default\" global_colors_info=\"{}\"][\/et_pb_image][\/et_pb_image][et_pb_text _builder_version=\"4.21.0\u2033 _module_preset=\"default\" header_font=\"Lato|700|||||||\" header_text_align=\"left\" header_text_color=\"#FFFFFFFFFF\" header_font_size=\"40px\" header_line_height=\"1.7em\" header_2_font=\"Lato|700|||||||\" header_2_text_align=\"left\" header_2_text_color=\"#000000\u2033 header_2_font_size=\"30px\" header_2_line_height=\"1.5em\" text_orientation=\"center\" header_font_size_tablet=\"40px\" header_font_size_phone=\"40px\" header_font_size_last_edited=\"on|phone\" header_2_font_size_tablet=\"30px\" header_2_font_size_phone=\"24px\" header_2_font_size_last_edited=\"on|phone\" global_colors_info=\"{}\"]<\/p>\n<h2><span>Certified Seeds and Featured Varieties<\/span><\/h2>\n<p>[\/et_pb_text][et_pb_text _builder_version=\"4.21.0\u2033 _module_preset=\"default\" text_font=\"Lato||||||||\" text_text_color=\"#000000\u2033 text_font_size=\"20px\" text_line_height=\"1.8em\" text_font_size_tablet=\"20px\" text_font_size_phone=\"15px\" text_font_size_last_edited=\"on|phone\" global_colors_info=\"{}\"]<\/p>\n<p><span>Our <\/span><strong>certified seeds<\/strong><span> are at the heart of our product offering. We understand that a good crop starts with good seed, so we have worked tirelessly to ensure that our seeds are of the highest quality. <\/span><\/p>\n<p><span>Whether you need <strong>cereals<\/strong>, <strong>oilseeds<\/strong>, <strong>protein crops<\/strong>, <strong>legumes<\/strong> or any other product, you can be confident that every item in our catalog has been selected for its superior quality and its ability to help you achieve a bountiful and healthy harvest.<\/span><\/p>\n<p>[\/et_pb_text][\/et_pb_column][et_pb_column type=\"1_3\u2033 _builder_version=\"4.20.2\u2033 _module_preset=\"default\" background_color=\"#FFFFFFFF\" custom_padding=\"20px|20px|20px|20px|20px|true|true|true\" border_radii=\"on|5px|5px|5px|5px|5px|5px\" global_colors_info=\"{}\"][et_pb_image src=\"https:\/\/agricolagranero.com\/wp-content\/uploads\/2023\/07\/smiling-man-who-holds-white-silver-large.jpg\" alt=\"Fertilizers and plant protection\" title_text=\"Fertilizers and plant protection\" align=\"center\" _builder_version=\"4.21.0\u2033 _module_preset=\"default\" global_colors_info=\"{}\"][\/et_pb_image][\/et_pb_image][et_pb_text _builder_version=\"4.21.0\u2033 _module_preset=\"default\" header_font=\"Lato|700|||||||\" header_text_align=\"left\" header_text_color=\"#FFFFFFFFFF\" header_font_size=\"40px\" header_line_height=\"1.7em\" header_2_font=\"Lato|700|||||||\" header_2_text_align=\"left\" header_2_text_color=\"#000000\u2033 header_2_font_size=\"30px\" header_2_line_height=\"1.5em\" text_orientation=\"center\" header_font_size_tablet=\"40px\" header_font_size_phone=\"40px\" header_font_size_last_edited=\"on|phone\" header_2_font_size_tablet=\"30px\" header_2_font_size_phone=\"24px\" header_2_font_size_last_edited=\"on|phone\" global_colors_info=\"{}\"]<\/p>\n<h2><span>Fertilizers and Phytosanitary Products<\/span><\/h2>\n<p>[\/et_pb_text][et_pb_text _builder_version=\"4.21.0\u2033 _module_preset=\"default\" text_font=\"Lato||||||||\" text_text_color=\"#000000\u2033 text_font_size=\"20px\" text_line_height=\"1.8em\" text_font_size_tablet=\"20px\" text_font_size_phone=\"15px\" text_font_size_last_edited=\"on|phone\" global_colors_info=\"{}\"]<\/p>\n<p><span>We also offer a range of <\/span><strong>fertilizers<\/strong><span>, <\/span><strong>herbicides<\/strong><span>, <\/span><strong>phytosanitary products<\/strong><span> y <\/span><strong>pesticides<\/strong><span> to help you protect your crops from pests and diseases. You will be able to keep your fields healthy and productive. <\/span><\/p>\n<p><span>Our experts can advise you on which products are best suited to your specific needs.<\/span><\/p>\n<p>[\/et_pb_text][\/et_pb_column][et_pb_column type=\"1_3\u2033 _builder_version=\"4.20.2\u2033 _module_preset=\"default\" background_color=\"#FFFFFFFF\" custom_padding=\"20px|20px|20px|20px|20px|true|true|true\" border_radii=\"on|5px|5px|5px|5px|5px|5px\" global_colors_info=\"{}\"][et_pb_image src=\"https:\/\/agricolagranero.com\/wp-content\/uploads\/2023\/07\/composition-feed-pet-feed-nature-dead-nature-large.jpg\" alt=\"Feed for animal feed\" title_text=\"Feed for animal feednature-dead-nature (Large)\" align=\"center\" _builder_version=\"4.21.0\u2033 _module_preset=\"default\" global_colors_info=\"{}\"][\/et_pbb_image][\/et_pb_image][et_pb_text _builder_version=\"4.21.0\u2033 _module_preset=\"default\" header_font=\"Lato|700|||||||\" header_text_align=\"left\" header_text_color=\"#FFFFFFFFFF\" header_font_size=\"40px\" header_line_height=\"1.7em\" header_2_font=\"Lato|700|||||||\" header_2_text_align=\"left\" header_2_text_color=\"#000000\u2033 header_2_font_size=\"30px\" header_2_line_height=\"1.5em\" text_orientation=\"center\" header_font_size_tablet=\"40px\" header_font_size_phone=\"40px\" header_font_size_last_edited=\"on|phone\" header_2_font_size_tablet=\"30px\" header_2_font_size_phone=\"24px\" header_2_font_size_last_edited=\"on|phone\" global_colors_info=\"{}\"]<\/p>\n<h2><strong>Quality Animal Nutrition<\/strong><\/h2>\n<p>[\/et_pb_text][et_pb_text _builder_version=\"4.21.0\u2033 _module_preset=\"default\" text_font=\"Lato||||||||\" text_text_color=\"#000000\u2033 text_font_size=\"20px\" text_line_height=\"1.8em\" text_font_size_tablet=\"20px\" text_font_size_phone=\"15px\" text_font_size_last_edited=\"on|phone\" global_colors_info=\"{}\"]<\/p>\n<p><span>And we don't forget your animals. Our <\/span><strong>animal feedstuffs for animal feeding<\/strong><span> are of the highest quality, designed to keep your animals strong, healthy and happy. With a variety of options for different species and life stages, we help you make sure your animals are getting the nutrition they need.<\/span><\/p>\n<p><span>Discover our selection of feeds that guarantee a balanced nutrition for your animals.<\/span><\/p>\n<p>[\/et_pb_text][\/et_pb_column][\/et_pb_row][\/et_pb_section][et_pb_section fb_built=\"1\u2033 _builder_version=\"4.21.0\u2033 _module_preset=\"default\" locked=\"off\" global_colors_info=\"{}\"][et_pb_row _builder_version=\"4.21.0\u2033 _module_preset=\"default\" background_color=\"#FFFFFFFF\" custom_padding=\"0px||||false|false\" border_color_all=\"#000000\u2033 global_colors_info=\"{}\"][et_pb_column type=\"4_4\u2033 _builder_version=\"4.21.0\u2033 _module_preset=\"default\" global_colors_info=\"{}\"][et_pb_icon font_icon=\"{||divi||400\u2033 icon_color=\"#efd66a\" _builder_version=\"4.21.0\u2033 _module_preset=\"default\" global_colors_info=\"{}\"][\/et_pb_icon][et_pb_text _builder_version=\"4.21.0\u2033 _module_preset=\"default\" text_font=\"Lato|300|||||||\" text_font_size=\"34px\" text_line_height=\"1.8em\" text_orientation=\"center\" custom_margin=\"|||40px||||\" global_colors_info=\"{}\"]]<\/p>\n<p><em>Our Team, Your Greatest Resource<\/em><\/p>\n<p>[\/et_pb_text][et_pb_text _builder_version=\"4.21.0\u2033 _module_preset=\"default\" text_font=\"Lato||||||||\" text_text_color=\"#000000\u2033 text_font_size=\"20px\" text_line_height=\"1.8em\" text_font_size_tablet=\"20px\" text_font_size_phone=\"15px\" text_font_size_last_edited=\"on|phone\" locked=\"off\" global_colors_info=\"{}\"]<\/p>\n<p>Each of our products comes with the <strong>support from our team of experts<\/strong> who is always available to help you. Whether you need <strong>advice on which product<\/strong> is the best fit for your situation, or that you are <strong>looking for ideas<\/strong> on how to obtain the <strong>maximum performance<\/strong> of our products, <strong>we are here to help you.<\/strong><\/p>\n<p>[\/et_pb_text][\/et_pb_column][\/et_pb_row][\/et_pb_section]<\/p>","protected":false},"excerpt":{"rendered":"<p>Our Products. At Agr\u00edcola Granero L\u00f3pez S.L., we understand that every farm, every field and every crop has unique needs. That's why we have built a complete and diversified product offering to make sure you can find everything you need to [...]<\/p>","protected":false},"author":2,"featured_media":0,"parent":0,"menu_order":2,"comment_status":"closed","ping_status":"closed","template":"","meta":{"_et_pb_use_builder":"on","_et_pb_old_content":"","_et_gb_content_width":"","footnotes":""},"class_list":["post-19","page","type-page","status-publish","hentry"],"yoast_head":"<!-- This site is optimized with the Yoast SEO Premium plugin v20.5 (Yoast SEO v20.11) - https:\/\/yoast.com\/wordpress\/plugins\/seo\/ -->\n<title>Nuestros Productos | Agr\u00edcola Granero L\u00f3pez S.L.<\/title>\n<meta name=\"description\" content=\"Descubre nuestra amplia gama de productos agr\u00edcolas, desde cereales y oleaginosas hasta fitosanitarios y piensos para alimentaci\u00f3n animal. Todo lo que necesitas para tus cultivos est\u00e1 aqu\u00ed.\" \/>\n<meta name=\"robots\" content=\"index, follow, max-snippet:-1, max-image-preview:large, max-video-preview:-1\" \/>\n<link rel=\"canonical\" href=\"https:\/\/agricolagranero.com\/en\/products\/\" \/>\n<meta property=\"og:locale\" content=\"en_US\" \/>\n<meta property=\"og:type\" content=\"article\" \/>\n<meta property=\"og:title\" content=\"Productos\" \/>\n<meta property=\"og:description\" content=\"Descubre nuestra amplia gama de productos agr\u00edcolas, desde cereales y oleaginosas hasta fitosanitarios y piensos para alimentaci\u00f3n animal. Todo lo que necesitas para tus cultivos est\u00e1 aqu\u00ed.\" \/>\n<meta property=\"og:url\" content=\"https:\/\/agricolagranero.com\/en\/products\/\" \/>\n<meta property=\"og:site_name\" content=\"Agricola Granero\" \/>\n<meta property=\"article:modified_time\" content=\"2023-08-15T06:58:57+00:00\" \/>\n<meta name=\"twitter:card\" content=\"summary_large_image\" \/>\n<meta name=\"twitter:label1\" content=\"Est. reading time\" \/>\n\t<meta name=\"twitter:data1\" content=\"8 minutes\" \/>\n<script type=\"application\/ld+json\" class=\"yoast-schema-graph\">{\"@context\":\"https:\/\/schema.org\",\"@graph\":[{\"@type\":\"WebPage\",\"@id\":\"https:\/\/agricolagranero.com\/productos\/\",\"url\":\"https:\/\/agricolagranero.com\/productos\/\",\"name\":\"Nuestros Productos | Agr\u00edcola Granero L\u00f3pez S.L.\",\"isPartOf\":{\"@id\":\"https:\/\/agricolagranero.com\/#website\"},\"datePublished\":\"2023-07-20T15:53:01+00:00\",\"dateModified\":\"2023-08-15T06:58:57+00:00\",\"description\":\"Descubre nuestra amplia gama de productos agr\u00edcolas, desde cereales y oleaginosas hasta fitosanitarios y piensos para alimentaci\u00f3n animal. Todo lo que necesitas para tus cultivos est\u00e1 aqu\u00ed.\",\"breadcrumb\":{\"@id\":\"https:\/\/agricolagranero.com\/productos\/#breadcrumb\"},\"inLanguage\":\"en-US\",\"potentialAction\":[{\"@type\":\"ReadAction\",\"target\":[\"https:\/\/agricolagranero.com\/productos\/\"]}]},{\"@type\":\"BreadcrumbList\",\"@id\":\"https:\/\/agricolagranero.com\/productos\/#breadcrumb\",\"itemListElement\":[{\"@type\":\"ListItem\",\"position\":1,\"name\":\"Portada\",\"item\":\"https:\/\/agricolagranero.com\/\"},{\"@type\":\"ListItem\",\"position\":2,\"name\":\"Productos\"}]},{\"@type\":\"WebSite\",\"@id\":\"https:\/\/agricolagranero.com\/#website\",\"url\":\"https:\/\/agricolagranero.com\/\",\"name\":\"Agricola Granero\",\"description\":\"\",\"potentialAction\":[{\"@type\":\"SearchAction\",\"target\":{\"@type\":\"EntryPoint\",\"urlTemplate\":\"https:\/\/agricolagranero.com\/?s={search_term_string}\"},\"query-input\":\"required name=search_term_string\"}],\"inLanguage\":\"en-US\"}]}<\/script>\n<!-- \/ Yoast SEO Premium plugin. -->","yoast_head_json":{"title":"Nuestros Productos | Agr\u00edcola Granero L\u00f3pez S.L.","description":"Descubre nuestra amplia gama de productos agr\u00edcolas, desde cereales y oleaginosas hasta fitosanitarios y piensos para alimentaci\u00f3n animal. Todo lo que necesitas para tus cultivos est\u00e1 aqu\u00ed.","robots":{"index":"index","follow":"follow","max-snippet":"max-snippet:-1","max-image-preview":"max-image-preview:large","max-video-preview":"max-video-preview:-1"},"canonical":"https:\/\/agricolagranero.com\/en\/products\/","og_locale":"en_US","og_type":"article","og_title":"Productos","og_description":"Descubre nuestra amplia gama de productos agr\u00edcolas, desde cereales y oleaginosas hasta fitosanitarios y piensos para alimentaci\u00f3n animal. Todo lo que necesitas para tus cultivos est\u00e1 aqu\u00ed.","og_url":"https:\/\/agricolagranero.com\/en\/products\/","og_site_name":"Agricola Granero","article_modified_time":"2023-08-15T06:58:57+00:00","twitter_card":"summary_large_image","twitter_misc":{"Est. reading time":"8 minutes"},"schema":{"@context":"https:\/\/schema.org","@graph":[{"@type":"WebPage","@id":"https:\/\/agricolagranero.com\/productos\/","url":"https:\/\/agricolagranero.com\/productos\/","name":"Nuestros Productos | Agr\u00edcola Granero L\u00f3pez S.L.","isPartOf":{"@id":"https:\/\/agricolagranero.com\/#website"},"datePublished":"2023-07-20T15:53:01+00:00","dateModified":"2023-08-15T06:58:57+00:00","description":"Descubre nuestra amplia gama de productos agr\u00edcolas, desde cereales y oleaginosas hasta fitosanitarios y piensos para alimentaci\u00f3n animal. Todo lo que necesitas para tus cultivos est\u00e1 aqu\u00ed.","breadcrumb":{"@id":"https:\/\/agricolagranero.com\/productos\/#breadcrumb"},"inLanguage":"en-US","potentialAction":[{"@type":"ReadAction","target":["https:\/\/agricolagranero.com\/productos\/"]}]},{"@type":"BreadcrumbList","@id":"https:\/\/agricolagranero.com\/productos\/#breadcrumb","itemListElement":[{"@type":"ListItem","position":1,"name":"Portada","item":"https:\/\/agricolagranero.com\/"},{"@type":"ListItem","position":2,"name":"Productos"}]},{"@type":"WebSite","@id":"https:\/\/agricolagranero.com\/#website","url":"https:\/\/agricolagranero.com\/","name":"Agricola Granero","description":"","potentialAction":[{"@type":"SearchAction","target":{"@type":"EntryPoint","urlTemplate":"https:\/\/agricolagranero.com\/?s={search_term_string}"},"query-input":"required name=search_term_string"}],"inLanguage":"en-US"}]}},"_links":{"self":[{"href":"https:\/\/agricolagranero.com\/en\/wp-json\/wp\/v2\/pages\/19","targetHints":{"allow":["GET"]}}],"collection":[{"href":"https:\/\/agricolagranero.com\/en\/wp-json\/wp\/v2\/pages"}],"about":[{"href":"https:\/\/agricolagranero.com\/en\/wp-json\/wp\/v2\/types\/page"}],"author":[{"embeddable":true,"href":"https:\/\/agricolagranero.com\/en\/wp-json\/wp\/v2\/users\/2"}],"replies":[{"embeddable":true,"href":"https:\/\/agricolagranero.com\/en\/wp-json\/wp\/v2\/comments?post=19"}],"version-history":[{"count":11,"href":"https:\/\/agricolagranero.com\/en\/wp-json\/wp\/v2\/pages\/19\/revisions"}],"predecessor-version":[{"id":244,"href":"https:\/\/agricolagranero.com\/en\/wp-json\/wp\/v2\/pages\/19\/revisions\/244"}],"wp:attachment":[{"href":"https:\/\/agricolagranero.com\/en\/wp-json\/wp\/v2\/media?parent=19"}],"curies":[{"name":"wp","href":"https:\/\/api.w.org\/{rel}","templated":true}]}}