{"id":18,"date":"2023-07-20T15:53:01","date_gmt":"2023-07-20T15:53:01","guid":{"rendered":"https:\/\/agricolagranero.com\/?page_id=18"},"modified":"2023-08-15T07:00:03","modified_gmt":"2023-08-15T07:00:03","slug":"quienes-somos","status":"publish","type":"page","link":"https:\/\/agricolagranero.com\/en\/who-we-are\/","title":{"rendered":"Who we are"},"content":{"rendered":"<p>[et_pb_section fb_built=\"1\u2033 next_background_color=\"#ffffffff\" _builder_version=\"4.21.0\u2033 _module_preset=\"default\" use_background_color_gradient=\"on\" background_color_gradient_stops=\"rgba(0,0,0,0,0.01) 0%|rgba(0,0,0,0,0.2) 58%\" background_color_gradient_overlays_image=\"on\" background_image=\"https:\/\/agricolagranero.com\/wp-content\/uploads\/2023\/07\/telon-fondo-maduracion-campo-trigo-amarillo-fondo-cielo-azul-foto-naturaleza-idea-rica-cosecha-Grande.jpg\" bottom_divider_style=\"curve2\u2033 bottom_divider_style_tablet=\"none\" bottom_divider_style_phone=\"none\" bottom_divider_style_last_edited=\"on|tablet\" hover_enabled=\"0\u2033 locked=\"off\" global_colors_info=\"{}\" sticky_enabled=\"0\u2033 custom_padding=\"0px|||80px|||false|false\"][et_pb_row make_equal=\"on\" custom_padding_last_edited=\"on|phone\" _builder_version=\"4.21.0\u2033 _module_preset=\"default\" background_enable_color=\"off\" width=\"90%\" max_width=\"80%\" custom_margin=\"||||false|false\" custom_padding=\"|25px|25px|25px|25px|25px|false|true\" custom_padding_tablet=\"35px|||15px||false|false|false|false\" custom_padding_phone=\"43px|0px|15px|0px|false|true\" custom_css_main_element=\"margin: auto;\" global_colors_info=\"{}\"][et_pb_column type=\"4_4\u2033 _builder_version=\"4.20.2\u2033 _module_preset=\"default\" custom_css_main_element=\"margin:auto;\" global_colors_info=\"{}\"][et_pb_text _builder_version=\"4.21.0\u2033 _module_preset=\"default\" header_font=\"Lato|300|||||||\" header_text_align=\"left\" header_text_color=\"#000000\u2033 header_font_size=\"46px\" header_line_height=\"1.7em\" text_orientation=\"center\" header_font_size_tablet=\"46px\" header_font_size_phone=\"30px\" header_font_size_last_edited=\"on|phone\" global_colors_info=\"{}\"]<\/p>\n<h1><strong>Who we are.<\/strong><\/h1>\n<h1><span>Meet Our Team of Agriculture Experts.<\/span><\/h1>\n<p>[\/et_pb_text][\/et_pb_column][\/et_pb_row][et_pb_row column_structure=\"1_3,1_3,1_3\u2033 use_custom_gutter=\"on\" make_equal=\"on\" _builder_version=\"4.21.0\u2033 _module_preset=\"default\" background_enable_color=\"off\" width_tablet=\"95%\" width_phone=\"100%\" width_last_edited=\"on|phone\" max_width=\"95%\" global_colors_info=\"{}\" width__hover_enabled=\"on|desktop\" width__hover=\"90%\"][et_pb_column type=\"1_3\u2033 _builder_version=\"4.21.0\u2033 _module_preset=\"default\" background_color=\"#FFFFFFFF\" custom_padding=\"20px|20px|20px|20px|20px|true|true\" border_radii=\"on|5px|5px|5px|5px|5px|5px\" global_colors_info=\"{}\"][et_pb_image src=\"https:\/\/agricolagranero.com\/wp-content\/uploads\/2023\/07\/agriculture2.png\" alt=\"Passion for Agriculture\" title_text=\"Passion for Agriculture\" align=\"center\" _builder_version=\"4.21.0\u2033 _module_preset=\"default\" width=\"250px\" global_colors_info=\"{}\"][\/et_pb_image][\/et_pb_image][et_pb_text _builder_version=\"4.21.0\u2033 _module_preset=\"default\" header_font=\"Lato|700|||||||\" header_text_align=\"left\" header_text_color=\"#FFFFFFFFFF\" header_font_size=\"40px\" header_line_height=\"1.7em\" header_2_font=\"Lato|700|||||||\" header_2_text_align=\"left\" header_2_text_color=\"#000000\u2033 header_2_font_size=\"30px\" header_2_line_height=\"1.5em\" text_orientation=\"center\" header_font_size_tablet=\"40px\" header_font_size_phone=\"40px\" header_font_size_last_edited=\"on|phone\" header_2_font_size_tablet=\"30px\" header_2_font_size_phone=\"24px\" header_2_font_size_last_edited=\"on|phone\" global_colors_info=\"{}\"]<\/p>\n<h2><span>Our Passion for Agriculture<\/span><\/h2>\n<p>[\/et_pb_text][et_pb_text _builder_version=\"4.21.0\u2033 _module_preset=\"default\" text_font=\"Lato||||||||\" text_text_color=\"#000000\u2033 text_font_size=\"20px\" text_line_height=\"1.8em\" text_font_size_tablet=\"20px\" text_font_size_phone=\"15px\" text_font_size_last_edited=\"on|phone\" global_colors_info=\"{}\"]<\/p>\n<p><span>In Agr\u00edcola Granero L\u00f3pez S.L., <strong>our passion for agriculture<\/strong> drives us to <strong>continuously improve<\/strong> and to look for the <strong>better solutions for our customers<\/strong>. Our team of experts consists of <strong>agronomists<\/strong>, <strong>seed specialists<\/strong> y <strong>professionals in grain transportation<\/strong>all of them committed to providing exceptional service.<\/span><\/p>\n<p>[\/et_pb_text][\/et_pb_column][et_pb_column type=\"1_3\u2033 _builder_version=\"4.20.2\u2033 _module_preset=\"default\" background_color=\"#FFFFFFFF\" custom_padding=\"20px|20px|20px|20px|20px|true|true|true\" border_radii=\"on|5px|5px|5px|5px|5px|5px\" global_colors_info=\"{}\"][et_pb_image src=\"https:\/\/agricolagranero.com\/wp-content\/uploads\/2023\/07\/harvest.png\" title_text=\"harvest\" align=\"center\" _builder_version=\"4.21.0\u2033 _module_preset=\"default\" global_colors_info=\"{}\"][\/et_pb_image][\/et_pb_image][et_pb_text _builder_version=\"4.21.0\u2033 _module_preset=\"default\" header_font=\"Lato|700|||||||\" header_text_align=\"left\" header_text_color=\"#FFFFFFFFFF\" header_font_size=\"40px\" header_line_height=\"1.7em\" header_2_font=\"Lato|700|||||||\" header_2_text_align=\"left\" header_2_text_color=\"#000000\u2033 header_2_font_size=\"30px\" header_2_line_height=\"1.5em\" text_orientation=\"center\" header_font_size_tablet=\"40px\" header_font_size_phone=\"40px\" header_font_size_last_edited=\"on|phone\" header_2_font_size_tablet=\"30px\" header_2_font_size_phone=\"24px\" header_2_font_size_last_edited=\"on|phone\" global_colors_info=\"{}\"]<\/p>\n<h2><span>Knowledge and Experience<\/span><\/h2>\n<p>[\/et_pb_text][et_pb_text _builder_version=\"4.21.0\u2033 _module_preset=\"default\" text_font=\"Lato||||||||\" text_text_color=\"#000000\u2033 text_font_size=\"20px\" text_line_height=\"1.8em\" text_font_size_tablet=\"20px\" text_font_size_phone=\"15px\" text_font_size_last_edited=\"on|phone\" global_colors_info=\"{}\"]<\/p>\n<p><span>Our team has a <strong>extensive experience<\/strong> in the agri-food sector, which allows us to <strong>understand the needs<\/strong> and challenges specific to each client. We are <strong>always up to date<\/strong> with the latest trends and advances in agriculture for <strong>to offer cutting-edge advice.<\/strong><\/span><\/p>\n<p>[\/et_pb_text][\/et_pb_column][et_pb_column type=\"1_3\u2033 _builder_version=\"4.20.2\u2033 _module_preset=\"default\" background_color=\"#FFFFFFFF\" custom_padding=\"20px|20px|20px|20px|20px|true|true|true\" border_radii=\"on|5px|5px|5px|5px|5px|5px\" global_colors_info=\"{}\"][et_pb_image src=\"https:\/\/agricolagranero.com\/wp-content\/uploads\/2023\/07\/granero.png\" alt=\"granero\" title_text=\"granero\" align=\"center\" _builder_version=\"4.21.0\u2033 _module_preset=\"default\" global_colors_info=\"{}\"][\/et_pb_image][\/et_pb_image][et_pb_text _builder_version=\"4.21.0\u2033 _module_preset=\"default\" header_font=\"Lato|700|||||||\" header_text_align=\"left\" header_text_color=\"#FFFFFFFFFF\" header_font_size=\"40px\" header_line_height=\"1.7em\" header_2_font=\"Lato|700|||||||\" header_2_text_align=\"left\" header_2_text_color=\"#000000\u2033 header_2_font_size=\"30px\" header_2_line_height=\"1.5em\" text_orientation=\"center\" header_font_size_tablet=\"40px\" header_font_size_phone=\"40px\" header_font_size_last_edited=\"on|phone\" header_2_font_size_tablet=\"30px\" header_2_font_size_phone=\"24px\" header_2_font_size_last_edited=\"on|phone\" global_colors_info=\"{}\"]<\/p>\n<h2><span>Personalized Attention<\/span><\/h2>\n<p>[\/et_pb_text][et_pb_text _builder_version=\"4.21.0\u2033 _module_preset=\"default\" text_font=\"Lato||||||||\" text_text_color=\"#000000\u2033 text_font_size=\"20px\" text_line_height=\"1.8em\" text_font_size_tablet=\"20px\" text_font_size_phone=\"15px\" text_font_size_last_edited=\"on|phone\" global_colors_info=\"{}\"]<\/p>\n<p><span>In Agricola Granero Lopez S.L., we believe in the importance of the <strong>personalized attention<\/strong>. We treat <strong>each customer in a unique way<\/strong> and we make sure we understand your requirements in order to deliver <strong>customized solutions<\/strong> that meet your needs and objectives.<\/span><\/p>\n<p>[\/et_pb_text][\/et_pb_column][\/et_pb_row][\/et_pb_section][et_pb_section fb_built=\"1\u2033 _builder_version=\"4.21.0\u2033 _module_preset=\"default\" global_colors_info=\"{}\"][et_pb_row _builder_version=\"4.21.0\u2033 _module_preset=\"default\" background_color=\"#FFFFFFFF\" custom_padding=\"0px||||false|false\" border_color_all=\"#000000\u2033 global_colors_info=\"{}\"][et_pb_column type=\"4_4\u2033 _builder_version=\"4.21.0\u2033 _module_preset=\"default\" global_colors_info=\"{}\"][et_pb_icon font_icon=\"{||divi||400\u2033 icon_color=\"#efd66a\" _builder_version=\"4.21.0\u2033 _module_preset=\"default\" global_colors_info=\"{}\"][\/et_pb_icon][et_pb_text _builder_version=\"4.21.0\u2033 _module_preset=\"default\" text_font=\"Lato|300|||||||\" text_font_size=\"34px\" text_line_height=\"1.8em\" text_orientation=\"center\" global_colors_info=\"{}\"]]<\/p>\n<p><em>A life of work dedicated to agriculture<\/em><\/p>\n<p>[\/et_pb_text][\/et_pb_column][\/et_pb_row][\/et_pb_section]<\/p>","protected":false},"excerpt":{"rendered":"<p>Who we are. Our Passion for AgricultureAgr\u00edcola Granero L\u00f3pez S.L., our passion for agriculture drives us to constantly improve and look for the best solutions for our customers. Our team of experts is made up of agronomists, seed specialists and professionals in grain transport, all of them [...]<\/p>","protected":false},"author":2,"featured_media":0,"parent":0,"menu_order":1,"comment_status":"closed","ping_status":"closed","template":"","meta":{"_et_pb_use_builder":"on","_et_pb_old_content":"","_et_gb_content_width":"","footnotes":""},"class_list":["post-18","page","type-page","status-publish","hentry"],"yoast_head":"<!-- This site is optimized with the Yoast SEO Premium plugin v20.5 (Yoast SEO v20.11) - https:\/\/yoast.com\/wordpress\/plugins\/seo\/ -->\n<title>Conoce a nuestro equipo | Agr\u00edcola Granero L\u00f3pez S.L.<\/title>\n<meta name=\"description\" content=\"Conoce al gran equipo de profesionales de Agr\u00edcola Granero L\u00f3pez S.L. que est\u00e1 dedicado a ofrecer asesoramiento agr\u00edcola y soluciones de calidad para tus cultivos.\" \/>\n<meta name=\"robots\" content=\"index, follow, max-snippet:-1, max-image-preview:large, max-video-preview:-1\" \/>\n<link rel=\"canonical\" href=\"https:\/\/agricolagranero.com\/en\/who-we-are\/\" \/>\n<meta property=\"og:locale\" content=\"en_US\" \/>\n<meta property=\"og:type\" content=\"article\" \/>\n<meta property=\"og:title\" content=\"Quienes somos\" \/>\n<meta property=\"og:description\" content=\"Conoce al gran equipo de profesionales de Agr\u00edcola Granero L\u00f3pez S.L. que est\u00e1 dedicado a ofrecer asesoramiento agr\u00edcola y soluciones de calidad para tus cultivos.\" \/>\n<meta property=\"og:url\" content=\"https:\/\/agricolagranero.com\/en\/who-we-are\/\" \/>\n<meta property=\"og:site_name\" content=\"Agricola Granero\" \/>\n<meta property=\"article:modified_time\" content=\"2023-08-15T07:00:03+00:00\" \/>\n<meta name=\"twitter:card\" content=\"summary_large_image\" \/>\n<meta name=\"twitter:label1\" content=\"Est. reading time\" \/>\n\t<meta name=\"twitter:data1\" content=\"6 minutes\" \/>\n<script type=\"application\/ld+json\" class=\"yoast-schema-graph\">{\"@context\":\"https:\/\/schema.org\",\"@graph\":[{\"@type\":\"WebPage\",\"@id\":\"https:\/\/agricolagranero.com\/quienes-somos\/\",\"url\":\"https:\/\/agricolagranero.com\/quienes-somos\/\",\"name\":\"Conoce a nuestro equipo | Agr\u00edcola Granero L\u00f3pez S.L.\",\"isPartOf\":{\"@id\":\"https:\/\/agricolagranero.com\/#website\"},\"datePublished\":\"2023-07-20T15:53:01+00:00\",\"dateModified\":\"2023-08-15T07:00:03+00:00\",\"description\":\"Conoce al gran equipo de profesionales de Agr\u00edcola Granero L\u00f3pez S.L. que est\u00e1 dedicado a ofrecer asesoramiento agr\u00edcola y soluciones de calidad para tus cultivos.\",\"breadcrumb\":{\"@id\":\"https:\/\/agricolagranero.com\/quienes-somos\/#breadcrumb\"},\"inLanguage\":\"en-US\",\"potentialAction\":[{\"@type\":\"ReadAction\",\"target\":[\"https:\/\/agricolagranero.com\/quienes-somos\/\"]}]},{\"@type\":\"BreadcrumbList\",\"@id\":\"https:\/\/agricolagranero.com\/quienes-somos\/#breadcrumb\",\"itemListElement\":[{\"@type\":\"ListItem\",\"position\":1,\"name\":\"Portada\",\"item\":\"https:\/\/agricolagranero.com\/\"},{\"@type\":\"ListItem\",\"position\":2,\"name\":\"Quienes somos\"}]},{\"@type\":\"WebSite\",\"@id\":\"https:\/\/agricolagranero.com\/#website\",\"url\":\"https:\/\/agricolagranero.com\/\",\"name\":\"Agricola Granero\",\"description\":\"\",\"potentialAction\":[{\"@type\":\"SearchAction\",\"target\":{\"@type\":\"EntryPoint\",\"urlTemplate\":\"https:\/\/agricolagranero.com\/?s={search_term_string}\"},\"query-input\":\"required name=search_term_string\"}],\"inLanguage\":\"en-US\"}]}<\/script>\n<!-- \/ Yoast SEO Premium plugin. -->","yoast_head_json":{"title":"Conoce a nuestro equipo | Agr\u00edcola Granero L\u00f3pez S.L.","description":"Conoce al gran equipo de profesionales de Agr\u00edcola Granero L\u00f3pez S.L. que est\u00e1 dedicado a ofrecer asesoramiento agr\u00edcola y soluciones de calidad para tus cultivos.","robots":{"index":"index","follow":"follow","max-snippet":"max-snippet:-1","max-image-preview":"max-image-preview:large","max-video-preview":"max-video-preview:-1"},"canonical":"https:\/\/agricolagranero.com\/en\/who-we-are\/","og_locale":"en_US","og_type":"article","og_title":"Quienes somos","og_description":"Conoce al gran equipo de profesionales de Agr\u00edcola Granero L\u00f3pez S.L. que est\u00e1 dedicado a ofrecer asesoramiento agr\u00edcola y soluciones de calidad para tus cultivos.","og_url":"https:\/\/agricolagranero.com\/en\/who-we-are\/","og_site_name":"Agricola Granero","article_modified_time":"2023-08-15T07:00:03+00:00","twitter_card":"summary_large_image","twitter_misc":{"Est. reading time":"6 minutes"},"schema":{"@context":"https:\/\/schema.org","@graph":[{"@type":"WebPage","@id":"https:\/\/agricolagranero.com\/quienes-somos\/","url":"https:\/\/agricolagranero.com\/quienes-somos\/","name":"Conoce a nuestro equipo | Agr\u00edcola Granero L\u00f3pez S.L.","isPartOf":{"@id":"https:\/\/agricolagranero.com\/#website"},"datePublished":"2023-07-20T15:53:01+00:00","dateModified":"2023-08-15T07:00:03+00:00","description":"Conoce al gran equipo de profesionales de Agr\u00edcola Granero L\u00f3pez S.L. que est\u00e1 dedicado a ofrecer asesoramiento agr\u00edcola y soluciones de calidad para tus cultivos.","breadcrumb":{"@id":"https:\/\/agricolagranero.com\/quienes-somos\/#breadcrumb"},"inLanguage":"en-US","potentialAction":[{"@type":"ReadAction","target":["https:\/\/agricolagranero.com\/quienes-somos\/"]}]},{"@type":"BreadcrumbList","@id":"https:\/\/agricolagranero.com\/quienes-somos\/#breadcrumb","itemListElement":[{"@type":"ListItem","position":1,"name":"Portada","item":"https:\/\/agricolagranero.com\/"},{"@type":"ListItem","position":2,"name":"Quienes somos"}]},{"@type":"WebSite","@id":"https:\/\/agricolagranero.com\/#website","url":"https:\/\/agricolagranero.com\/","name":"Agricola Granero","description":"","potentialAction":[{"@type":"SearchAction","target":{"@type":"EntryPoint","urlTemplate":"https:\/\/agricolagranero.com\/?s={search_term_string}"},"query-input":"required name=search_term_string"}],"inLanguage":"en-US"}]}},"_links":{"self":[{"href":"https:\/\/agricolagranero.com\/en\/wp-json\/wp\/v2\/pages\/18","targetHints":{"allow":["GET"]}}],"collection":[{"href":"https:\/\/agricolagranero.com\/en\/wp-json\/wp\/v2\/pages"}],"about":[{"href":"https:\/\/agricolagranero.com\/en\/wp-json\/wp\/v2\/types\/page"}],"author":[{"embeddable":true,"href":"https:\/\/agricolagranero.com\/en\/wp-json\/wp\/v2\/users\/2"}],"replies":[{"embeddable":true,"href":"https:\/\/agricolagranero.com\/en\/wp-json\/wp\/v2\/comments?post=18"}],"version-history":[{"count":14,"href":"https:\/\/agricolagranero.com\/en\/wp-json\/wp\/v2\/pages\/18\/revisions"}],"predecessor-version":[{"id":245,"href":"https:\/\/agricolagranero.com\/en\/wp-json\/wp\/v2\/pages\/18\/revisions\/245"}],"wp:attachment":[{"href":"https:\/\/agricolagranero.com\/en\/wp-json\/wp\/v2\/media?parent=18"}],"curies":[{"name":"wp","href":"https:\/\/api.w.org\/{rel}","templated":true}]}}